{"id":145161,"date":"2024-12-03T02:02:54","date_gmt":"2024-12-03T05:02:54","guid":{"rendered":"https:\/\/novo.zortea.com.br\/?page_id=145161"},"modified":"2025-03-05T16:03:05","modified_gmt":"2025-03-05T19:03:05","slug":"institucional","status":"publish","type":"page","link":"https:\/\/zortea.com.br\/en\/institucional\/","title":{"rendered":"Institutional"},"content":{"rendered":"","protected":false},"excerpt":{"rendered":"","protected":false},"author":1,"featured_media":0,"parent":0,"menu_order":0,"comment_status":"closed","ping_status":"closed","template":"","meta":{"footnotes":""},"class_list":["post-145161","page","type-page","status-publish","hentry"],"yoast_head":"<!-- This site is optimized with the Yoast SEO plugin v27.4 - https:\/\/yoast.com\/product\/yoast-seo-wordpress\/ -->\n<title>Zort\u00e9a Constru\u00e7\u00f5es LTDA - Institucional<\/title>\n<meta name=\"description\" content=\"Com mais de 45 anos de experi\u00eancia, a Zortea Constru\u00e7\u00f5es \u00e9 refer\u00eancia em projetos agroindustriais. Compromisso, qualidade e inova\u00e7\u00e3o na constru\u00e7\u00e3o de unidades para os setores de soja, a\u00e7\u00facar e fertilizantes.\" \/>\n<meta name=\"robots\" content=\"index, follow, max-snippet:-1, max-image-preview:large, max-video-preview:-1\" \/>\n<link rel=\"canonical\" href=\"https:\/\/zortea.com.br\/en\/institucional\/\" \/>\n<meta property=\"og:locale\" content=\"en_US\" \/>\n<meta property=\"og:type\" content=\"article\" \/>\n<meta property=\"og:title\" content=\"Zort\u00e9a Constru\u00e7\u00f5es LTDA - Institucional\" \/>\n<meta property=\"og:description\" content=\"Com mais de 45 anos de experi\u00eancia, a Zortea Constru\u00e7\u00f5es \u00e9 refer\u00eancia em projetos agroindustriais. Compromisso, qualidade e inova\u00e7\u00e3o na constru\u00e7\u00e3o de unidades para os setores de soja, a\u00e7\u00facar e fertilizantes.\" \/>\n<meta property=\"og:url\" content=\"https:\/\/zortea.com.br\/en\/institucional\/\" \/>\n<meta property=\"og:site_name\" content=\"Zort\u00e9a Constru\u00e7\u00f5es LTDA\" \/>\n<meta property=\"article:publisher\" content=\"https:\/\/www.facebook.com\/zorteaconstrucoes\/?locale=pt_BR\" \/>\n<meta property=\"article:modified_time\" content=\"2025-03-05T19:03:05+00:00\" \/>\n<meta name=\"twitter:card\" content=\"summary_large_image\" \/>\n<script type=\"application\/ld+json\" class=\"yoast-schema-graph\">{\"@context\":\"https:\\\/\\\/schema.org\",\"@graph\":[{\"@type\":\"WebPage\",\"@id\":\"https:\\\/\\\/zortea.com.br\\\/institucional\\\/\",\"url\":\"https:\\\/\\\/zortea.com.br\\\/institucional\\\/\",\"name\":\"Zort\u00e9a Constru\u00e7\u00f5es LTDA - Institucional\",\"isPartOf\":{\"@id\":\"https:\\\/\\\/zortea.com.br\\\/#website\"},\"datePublished\":\"2024-12-03T05:02:54+00:00\",\"dateModified\":\"2025-03-05T19:03:05+00:00\",\"description\":\"Com mais de 45 anos de experi\u00eancia, a Zortea Constru\u00e7\u00f5es \u00e9 refer\u00eancia em projetos agroindustriais. Compromisso, qualidade e inova\u00e7\u00e3o na constru\u00e7\u00e3o de unidades para os setores de soja, a\u00e7\u00facar e fertilizantes.\",\"breadcrumb\":{\"@id\":\"https:\\\/\\\/zortea.com.br\\\/institucional\\\/#breadcrumb\"},\"inLanguage\":\"en-US\",\"potentialAction\":[{\"@type\":\"ReadAction\",\"target\":[\"https:\\\/\\\/zortea.com.br\\\/institucional\\\/\"]}]},{\"@type\":\"BreadcrumbList\",\"@id\":\"https:\\\/\\\/zortea.com.br\\\/institucional\\\/#breadcrumb\",\"itemListElement\":[{\"@type\":\"ListItem\",\"position\":1,\"name\":\"In\u00edcio\",\"item\":\"https:\\\/\\\/zortea.com.br\\\/\"},{\"@type\":\"ListItem\",\"position\":2,\"name\":\"Institucional\"}]},{\"@type\":\"WebSite\",\"@id\":\"https:\\\/\\\/zortea.com.br\\\/#website\",\"url\":\"https:\\\/\\\/zortea.com.br\\\/\",\"name\":\"Zort\u00e9a Constru\u00e7\u00f5es LTDA\",\"description\":\"\",\"publisher\":{\"@id\":\"https:\\\/\\\/zortea.com.br\\\/#organization\"},\"potentialAction\":[{\"@type\":\"SearchAction\",\"target\":{\"@type\":\"EntryPoint\",\"urlTemplate\":\"https:\\\/\\\/zortea.com.br\\\/?s={search_term_string}\"},\"query-input\":{\"@type\":\"PropertyValueSpecification\",\"valueRequired\":true,\"valueName\":\"search_term_string\"}}],\"inLanguage\":\"en-US\"},{\"@type\":\"Organization\",\"@id\":\"https:\\\/\\\/zortea.com.br\\\/#organization\",\"name\":\"Zort\u00e9a Constru\u00e7\u00f5es LTDA\",\"url\":\"https:\\\/\\\/zortea.com.br\\\/\",\"logo\":{\"@type\":\"ImageObject\",\"inLanguage\":\"en-US\",\"@id\":\"https:\\\/\\\/zortea.com.br\\\/#\\\/schema\\\/logo\\\/image\\\/\",\"url\":\"https:\\\/\\\/novo.zortea.com.br\\\/wp-content\\\/uploads\\\/2024\\\/12\\\/Zortea_Logo-variacao-horizontal-policromatica-e1726197378388.png\",\"contentUrl\":\"https:\\\/\\\/novo.zortea.com.br\\\/wp-content\\\/uploads\\\/2024\\\/12\\\/Zortea_Logo-variacao-horizontal-policromatica-e1726197378388.png\",\"width\":1049,\"height\":275,\"caption\":\"Zort\u00e9a Constru\u00e7\u00f5es LTDA\"},\"image\":{\"@id\":\"https:\\\/\\\/zortea.com.br\\\/#\\\/schema\\\/logo\\\/image\\\/\"},\"sameAs\":[\"https:\\\/\\\/www.facebook.com\\\/zorteaconstrucoes\\\/?locale=pt_BR\",\"https:\\\/\\\/www.instagram.com\\\/zorteaconstrucoes\\\/\",\"https:\\\/\\\/www.linkedin.com\\\/company\\\/zorta-construes\\\/?originalSubdomain=br\"]}]}<\/script>\n<!-- \/ Yoast SEO plugin. -->","yoast_head_json":{"title":"Zort\u00e9a Constru\u00e7\u00f5es LTDA - Institucional","description":"Com mais de 45 anos de experi\u00eancia, a Zortea Constru\u00e7\u00f5es \u00e9 refer\u00eancia em projetos agroindustriais. Compromisso, qualidade e inova\u00e7\u00e3o na constru\u00e7\u00e3o de unidades para os setores de soja, a\u00e7\u00facar e fertilizantes.","robots":{"index":"index","follow":"follow","max-snippet":"max-snippet:-1","max-image-preview":"max-image-preview:large","max-video-preview":"max-video-preview:-1"},"canonical":"https:\/\/zortea.com.br\/en\/institucional\/","og_locale":"en_US","og_type":"article","og_title":"Zort\u00e9a Constru\u00e7\u00f5es LTDA - Institucional","og_description":"Com mais de 45 anos de experi\u00eancia, a Zortea Constru\u00e7\u00f5es \u00e9 refer\u00eancia em projetos agroindustriais. Compromisso, qualidade e inova\u00e7\u00e3o na constru\u00e7\u00e3o de unidades para os setores de soja, a\u00e7\u00facar e fertilizantes.","og_url":"https:\/\/zortea.com.br\/en\/institucional\/","og_site_name":"Zort\u00e9a Constru\u00e7\u00f5es LTDA","article_publisher":"https:\/\/www.facebook.com\/zorteaconstrucoes\/?locale=pt_BR","article_modified_time":"2025-03-05T19:03:05+00:00","twitter_card":"summary_large_image","schema":{"@context":"https:\/\/schema.org","@graph":[{"@type":"WebPage","@id":"https:\/\/zortea.com.br\/institucional\/","url":"https:\/\/zortea.com.br\/institucional\/","name":"Zort\u00e9a Constru\u00e7\u00f5es LTDA - Institucional","isPartOf":{"@id":"https:\/\/zortea.com.br\/#website"},"datePublished":"2024-12-03T05:02:54+00:00","dateModified":"2025-03-05T19:03:05+00:00","description":"Com mais de 45 anos de experi\u00eancia, a Zortea Constru\u00e7\u00f5es \u00e9 refer\u00eancia em projetos agroindustriais. Compromisso, qualidade e inova\u00e7\u00e3o na constru\u00e7\u00e3o de unidades para os setores de soja, a\u00e7\u00facar e fertilizantes.","breadcrumb":{"@id":"https:\/\/zortea.com.br\/institucional\/#breadcrumb"},"inLanguage":"en-US","potentialAction":[{"@type":"ReadAction","target":["https:\/\/zortea.com.br\/institucional\/"]}]},{"@type":"BreadcrumbList","@id":"https:\/\/zortea.com.br\/institucional\/#breadcrumb","itemListElement":[{"@type":"ListItem","position":1,"name":"In\u00edcio","item":"https:\/\/zortea.com.br\/"},{"@type":"ListItem","position":2,"name":"Institucional"}]},{"@type":"WebSite","@id":"https:\/\/zortea.com.br\/#website","url":"https:\/\/zortea.com.br\/","name":"Zort\u00e9a Constru\u00e7\u00f5es LTDA","description":"","publisher":{"@id":"https:\/\/zortea.com.br\/#organization"},"potentialAction":[{"@type":"SearchAction","target":{"@type":"EntryPoint","urlTemplate":"https:\/\/zortea.com.br\/?s={search_term_string}"},"query-input":{"@type":"PropertyValueSpecification","valueRequired":true,"valueName":"search_term_string"}}],"inLanguage":"en-US"},{"@type":"Organization","@id":"https:\/\/zortea.com.br\/#organization","name":"Zort\u00e9a Constru\u00e7\u00f5es LTDA","url":"https:\/\/zortea.com.br\/","logo":{"@type":"ImageObject","inLanguage":"en-US","@id":"https:\/\/zortea.com.br\/#\/schema\/logo\/image\/","url":"https:\/\/novo.zortea.com.br\/wp-content\/uploads\/2024\/12\/Zortea_Logo-variacao-horizontal-policromatica-e1726197378388.png","contentUrl":"https:\/\/novo.zortea.com.br\/wp-content\/uploads\/2024\/12\/Zortea_Logo-variacao-horizontal-policromatica-e1726197378388.png","width":1049,"height":275,"caption":"Zort\u00e9a Constru\u00e7\u00f5es LTDA"},"image":{"@id":"https:\/\/zortea.com.br\/#\/schema\/logo\/image\/"},"sameAs":["https:\/\/www.facebook.com\/zorteaconstrucoes\/?locale=pt_BR","https:\/\/www.instagram.com\/zorteaconstrucoes\/","https:\/\/www.linkedin.com\/company\/zorta-construes\/?originalSubdomain=br"]}]}},"_links":{"self":[{"href":"https:\/\/zortea.com.br\/en\/wp-json\/wp\/v2\/pages\/145161","targetHints":{"allow":["GET"]}}],"collection":[{"href":"https:\/\/zortea.com.br\/en\/wp-json\/wp\/v2\/pages"}],"about":[{"href":"https:\/\/zortea.com.br\/en\/wp-json\/wp\/v2\/types\/page"}],"author":[{"embeddable":true,"href":"https:\/\/zortea.com.br\/en\/wp-json\/wp\/v2\/users\/1"}],"replies":[{"embeddable":true,"href":"https:\/\/zortea.com.br\/en\/wp-json\/wp\/v2\/comments?post=145161"}],"version-history":[{"count":0,"href":"https:\/\/zortea.com.br\/en\/wp-json\/wp\/v2\/pages\/145161\/revisions"}],"wp:attachment":[{"href":"https:\/\/zortea.com.br\/en\/wp-json\/wp\/v2\/media?parent=145161"}],"curies":[{"name":"wp","href":"https:\/\/api.w.org\/{rel}","templated":true}]}}