{"id":145169,"date":"2024-12-03T02:04:13","date_gmt":"2024-12-03T05:04:13","guid":{"rendered":"https:\/\/novo.zortea.com.br\/?page_id=145169"},"modified":"2025-04-26T01:06:35","modified_gmt":"2025-04-26T04:06:35","slug":"contato","status":"publish","type":"page","link":"https:\/\/zortea.com.br\/en\/contato\/","title":{"rendered":"Contact"},"content":{"rendered":"<div class=\"wpb-content-wrapper\"><div data-parent=\"true\" class=\"vc_row has-bg need-focus style-color-xsdn-bg row-container boomapps_vcrow\" id=\"row-unique-0\"><div class=\"row-background background-element\">\n\t\t\t\t\t\t\t\t\t\t\t<div class=\"background-wrapper\">\n\t\t\t\t\t\t\t\t\t\t\t\t<div class=\"background-inner\" style=\"background-image: url(https:\/\/zortea.com.br\/wp-content\/uploads\/2024\/12\/BG12.png);background-repeat: no-repeat;background-position: center center;background-attachment: scroll;background-size: cover;\"><\/div>\n\t\t\t\t\t\t\t\t\t\t\t\t<div class=\"block-bg-overlay style-color-xsdn-bg\" style=\"opacity: 0.6;\"><\/div>\n\t\t\t\t\t\t\t\t\t\t\t<\/div>\n\t\t\t\t\t\t\t\t\t\t<\/div><div class=\"row unequal double-top-padding double-bottom-padding single-h-padding limit-width row-parent\"><div class=\"wpb_row row-inner\"><div class=\"wpb_column pos-middle pos-center align_left column_parent col-lg-6 boomapps_vccolumn half-internal-gutter\"><div class=\"uncol style-light\"  ><div class=\"uncoltable\"><div class=\"uncell  boomapps_vccolumn no-block-padding\" ><div class=\"uncont\" ><div class=\"vc_custom_heading_wrap hero-title\"><div class=\"heading-text el-text zoom-out animate_when_almost_visible\" ><h1 class=\"custom font-weight-600 fontsize-628865-custom font-size-custom\" ><span>Entre em Contato com a <span style=\"color: #db1915!important;\">Zort\u00e9a Constru\u00e7\u00f5es<\/span><\/span><\/h1><\/div><div class=\"clear\"><\/div><\/div><div class=\"vc_custom_heading_wrap \"><div class=\"heading-text el-text curtain animate_inner_when_almost_visible el-text-split\" data-speed=\"200\"><h2 class=\"fontsize-522881 fontheight-357766 font-weight-300 font-obs\" data-style=\"normal\" data-weight=\"300\" data-font=\"Poppins\"><span class=\"heading-text-inner\"><span style=\"font-weight: 400;\"><span class=\"split-word word1\"><span class=\"split-word-flow\"><span class=\"split-word-inner\">Quer<\/span><\/span><\/span><span class=\"split-word word2\"><span class=\"split-word-flow\"><span class=\"split-word-inner split-empty-inner\"><span class=\"split-word-empty\">&nbsp;<\/span>saber<\/span><\/span><\/span><span class=\"split-word word3\"><span class=\"split-word-flow\"><span class=\"split-word-inner split-empty-inner\"><span class=\"split-word-empty\">&nbsp;<\/span>mais<\/span><\/span><\/span><span class=\"split-word word4\"><span class=\"split-word-flow\"><span class=\"split-word-inner split-empty-inner\"><span class=\"split-word-empty\">&nbsp;<\/span>sobre<\/span><\/span><\/span><span class=\"split-word word5\"><span class=\"split-word-flow\"><span class=\"split-word-inner split-empty-inner\"><span class=\"split-word-empty\">&nbsp;<\/span>nossos<\/span><\/span><\/span><span class=\"split-word word6\"><span class=\"split-word-flow\"><span class=\"split-word-inner split-empty-inner\"><span class=\"split-word-empty\">&nbsp;<\/span>projetos<\/span><\/span><\/span><span class=\"split-word word7\"><span class=\"split-word-flow\"><span class=\"split-word-inner split-empty-inner\"><span class=\"split-word-empty\">&nbsp;<\/span>ou<\/span><\/span><\/span><span class=\"split-word word8\"><span class=\"split-word-flow\"><span class=\"split-word-inner split-empty-inner\"><span class=\"split-word-empty\">&nbsp;<\/span>discutir<\/span><\/span><\/span><span class=\"split-word word9\"><span class=\"split-word-flow\"><span class=\"split-word-inner split-empty-inner\"><span class=\"split-word-empty\">&nbsp;<\/span>como<\/span><\/span><\/span><span class=\"split-word word10\"><span class=\"split-word-flow\"><span class=\"split-word-inner split-empty-inner\"><span class=\"split-word-empty\">&nbsp;<\/span>a<\/span><\/span><\/span><span class=\"split-word word11\"><span class=\"split-word-flow\"><span class=\"split-word-inner split-empty-inner\"><span class=\"split-word-empty\">&nbsp;<\/span>Zort\u00e9a<\/span><\/span><\/span><span class=\"split-word word12\"><span class=\"split-word-flow\"><span class=\"split-word-inner split-empty-inner\"><span class=\"split-word-empty\">&nbsp;<\/span>Constru\u00e7\u00f5es<\/span><\/span><\/span><span class=\"split-word word13\"><span class=\"split-word-flow\"><span class=\"split-word-inner split-empty-inner\"><span class=\"split-word-empty\">&nbsp;<\/span>pode<\/span><\/span><\/span><span class=\"split-word word14\"><span class=\"split-word-flow\"><span class=\"split-word-inner split-empty-inner\"><span class=\"split-word-empty\">&nbsp;<\/span>ajudar<\/span><\/span><\/span><span class=\"split-word word15\"><span class=\"split-word-flow\"><span class=\"split-word-inner split-empty-inner\"><span class=\"split-word-empty\">&nbsp;<\/span>sua<\/span><\/span><\/span><span class=\"split-word word16\"><span class=\"split-word-flow\"><span class=\"split-word-inner split-empty-inner\"><span class=\"split-word-empty\">&nbsp;<\/span>empresa?<\/span><\/span><\/span><\/span><span class=\"heading-text-inner\"><\/span><\/span><\/h2><\/div><div class=\"clear\"><\/div><\/div><div class=\"vc_custom_heading_wrap \"><div class=\"heading-text el-text curtain animate_inner_when_almost_visible el-text-split\" data-speed=\"200\"><h2 class=\"custom fontheight-357766 font-weight-700 fontsize-130050-custom font-size-custom font-obs\" data-style=\"normal\" data-weight=\"700\" data-font=\"Poppins\"><span class=\"heading-text-inner\"><span style=\"font-weight: 400;\"><span class=\"split-word word1\"><span class=\"split-word-flow\"><span class=\"split-word-inner\">Estamos<\/span><\/span><\/span><span class=\"split-word word2\"><span class=\"split-word-flow\"><span class=\"split-word-inner split-empty-inner\"><span class=\"split-word-empty\">&nbsp;<\/span>prontos<\/span><\/span><\/span><span class=\"split-word word3\"><span class=\"split-word-flow\"><span class=\"split-word-inner split-empty-inner\"><span class=\"split-word-empty\">&nbsp;<\/span>para<\/span><\/span><\/span><span class=\"split-word word4\"><span class=\"split-word-flow\"><span class=\"split-word-inner split-empty-inner\"><span class=\"split-word-empty\">&nbsp;<\/span>ouvir<\/span><\/span><\/span><span class=\"split-word word5\"><span class=\"split-word-flow\"><span class=\"split-word-inner split-empty-inner\"><span class=\"split-word-empty\">&nbsp;<\/span>voc\u00ea!<\/span><\/span><\/span><\/span><span class=\"heading-text-inner\"><\/span><\/span><\/h2><\/div><div class=\"clear\"><\/div><\/div><div class=\"vc_custom_heading_wrap \"><div class=\"heading-text el-text curtain animate_inner_when_almost_visible el-text-split\" data-speed=\"200\"><h2 class=\"fontsize-522881 fontheight-357766 font-weight-300 font-obs\" data-style=\"normal\" data-weight=\"300\" data-font=\"Poppins\"><span class=\"heading-text-inner\"><span style=\"font-weight: 400;\"><span class=\"split-word word1\"><span class=\"split-word-flow\"><span class=\"split-word-inner\">Entre<\/span><\/span><\/span><span class=\"split-word word2\"><span class=\"split-word-flow\"><span class=\"split-word-inner split-empty-inner\"><span class=\"split-word-empty\">&nbsp;<\/span>em<\/span><\/span><\/span><span class=\"split-word word3\"><span class=\"split-word-flow\"><span class=\"split-word-inner split-empty-inner\"><span class=\"split-word-empty\">&nbsp;<\/span>contato<\/span><\/span><\/span><span class=\"split-word word4\"><span class=\"split-word-flow\"><span class=\"split-word-inner split-empty-inner\"><span class=\"split-word-empty\">&nbsp;<\/span>conosco<\/span><\/span><\/span><span class=\"split-word word5\"><span class=\"split-word-flow\"><span class=\"split-word-inner split-empty-inner\"><span class=\"split-word-empty\">&nbsp;<\/span>pelos<\/span><\/span><\/span><span class=\"split-word word6\"><span class=\"split-word-flow\"><span class=\"split-word-inner split-empty-inner\"><span class=\"split-word-empty\">&nbsp;<\/span>canais<\/span><\/span><\/span><span class=\"split-word word7\"><span class=\"split-word-flow\"><span class=\"split-word-inner split-empty-inner\"><span class=\"split-word-empty\">&nbsp;<\/span>abaixo,<\/span><\/span><\/span><span class=\"split-word word8\"><span class=\"split-word-flow\"><span class=\"split-word-inner split-empty-inner\"><span class=\"split-word-empty\">&nbsp;<\/span>e<\/span><\/span><\/span><span class=\"split-word word9\"><span class=\"split-word-flow\"><span class=\"split-word-inner split-empty-inner\"><span class=\"split-word-empty\">&nbsp;<\/span>nossa<\/span><\/span><\/span><span class=\"split-word word10\"><span class=\"split-word-flow\"><span class=\"split-word-inner split-empty-inner\"><span class=\"split-word-empty\">&nbsp;<\/span>equipe<\/span><\/span><\/span><span class=\"split-word word11\"><span class=\"split-word-flow\"><span class=\"split-word-inner split-empty-inner\"><span class=\"split-word-empty\">&nbsp;<\/span>ter\u00e1<\/span><\/span><\/span><span class=\"split-word word12\"><span class=\"split-word-flow\"><span class=\"split-word-inner split-empty-inner\"><span class=\"split-word-empty\">&nbsp;<\/span>prazer<\/span><\/span><\/span><span class=\"split-word word13\"><span class=\"split-word-flow\"><span class=\"split-word-inner split-empty-inner\"><span class=\"split-word-empty\">&nbsp;<\/span>em<\/span><\/span><\/span><span class=\"split-word word14\"><span class=\"split-word-flow\"><span class=\"split-word-inner split-empty-inner\"><span class=\"split-word-empty\">&nbsp;<\/span>atender<\/span><\/span><\/span><span class=\"split-word word15\"><span class=\"split-word-flow\"><span class=\"split-word-inner split-empty-inner\"><span class=\"split-word-empty\">&nbsp;<\/span>suas<\/span><\/span><\/span><span class=\"split-word word16\"><span class=\"split-word-flow\"><span class=\"split-word-inner split-empty-inner\"><span class=\"split-word-empty\">&nbsp;<\/span>necessidades.<\/span><\/span><\/span><\/span><\/span><\/h2><\/div><div class=\"clear\"><\/div><\/div><\/div><\/div><\/div><\/div><\/div><div class=\"wpb_column pos-top pos-center align_left column_parent col-lg-6 boomapps_vccolumn single-internal-gutter\"><div class=\"uncol style-light\"  ><div class=\"uncoltable\"><div class=\"uncell  boomapps_vccolumn single-block-padding style-color-xsdn-bg has-bg  unradius-lg\" ><div class=\"uncont\" ><div class=\"wpforms-container wpforms-container-full wpforms-render-modern\" id=\"wpforms-145260\"><form id=\"wpforms-form-145260\" class=\"wpforms-validate wpforms-form wpforms-ajax-form\" data-formid=\"145260\" method=\"post\" enctype=\"multipart\/form-data\" action=\"\/en\/wp-json\/wp\/v2\/pages\/145169\" data-token=\"4de72a22474a48cded2e86368d5be437\" data-token-time=\"1776992037\"><noscript class=\"wpforms-error-noscript\">Please enable JavaScript in your browser to complete this form.<\/noscript><div class=\"wpforms-hidden\" id=\"wpforms-error-noscript\">Please enable JavaScript in your browser to complete this form.<\/div><div class=\"wpforms-field-container\"><div id=\"wpforms-145260-field_1-container\" class=\"wpforms-field wpforms-field-email\" data-field-id=\"1\"><label class=\"wpforms-field-label\" for=\"wpforms-145260-field_1\">Email <span class=\"wpforms-required-label\" aria-hidden=\"true\">*<\/span><\/label><input type=\"email\" id=\"wpforms-145260-field_1\" class=\"wpforms-field-large wpforms-field-required\" name=\"wpforms[fields][1]\" spellcheck=\"false\" aria-errormessage=\"wpforms-145260-field_1-error\" required><\/div><div id=\"wpforms-145260-field_6-container\" class=\"wpforms-field wpforms-field-text\" data-field-id=\"6\"><label class=\"wpforms-field-label\" for=\"wpforms-145260-field_6\">Nome<\/label><input type=\"text\" id=\"wpforms-145260-field_6\" class=\"wpforms-field-large\" name=\"wpforms[fields][6]\" aria-errormessage=\"wpforms-145260-field_6-error\" ><\/div><div id=\"wpforms-145260-field_5-container\" class=\"wpforms-field wpforms-field-text\" data-field-id=\"5\"><label class=\"wpforms-field-label\" for=\"wpforms-145260-field_5\">Mensagem<\/label><input type=\"text\" id=\"wpforms-145260-field_5\" class=\"wpforms-field-large\" name=\"wpforms[fields][5]\" aria-errormessage=\"wpforms-145260-field_5-error\" ><\/div><div id=\"wpforms-145260-field_7-container\" class=\"wpforms-field wpforms-field-checkbox\" data-field-id=\"7\"><fieldset><legend class=\"wpforms-field-label wpforms-label-hide\" aria-hidden=\"false\">Caixas de marca\u00e7\u00e3o <span class=\"wpforms-required-label\" aria-hidden=\"true\">*<\/span><\/legend><ul id=\"wpforms-145260-field_7\" class=\"wpforms-field-required\"><li class=\"choice-1 depth-1\"><input type=\"checkbox\" id=\"wpforms-145260-field_7_1\" name=\"wpforms[fields][7][]\" value=\"Declaro que li, compreendi e concordo com a &lt;a target=&quot;_blank&quot; href=&quot;https:\/\/zortea.com.br\/trabalheconosco\/politica-de-privacidade\/&quot;&gt;Pol\u00edtica de Privacidade e os Termos de Uso&lt;\/a&gt;, autorizando o tratamento dos meus dados pessoais conforme descrito.\" aria-errormessage=\"wpforms-145260-field_7_1-error\" required ><label class=\"wpforms-field-label-inline\" for=\"wpforms-145260-field_7_1\">Declaro que li, compreendi e concordo com a <a target=\"_blank\" href=\"https:\/\/zortea.com.br\/trabalheconosco\/politica-de-privacidade\/\">Pol\u00edtica de Privacidade e os Termos de Uso<\/a>, autorizando o tratamento dos meus dados pessoais conforme descrito.<\/label><\/li><\/ul><\/fieldset><\/div><\/div><!-- .wpforms-field-container --><div class=\"wpforms-submit-container\" ><input type=\"hidden\" name=\"wpforms[id]\" value=\"145260\"><input type=\"hidden\" name=\"page_title\" value=\"\"><input type=\"hidden\" name=\"page_url\" value=\"https:\/\/zortea.com.br\/en\/wp-json\/wp\/v2\/pages\/145169\"><button type=\"submit\" name=\"wpforms[submit]\" id=\"wpforms-submit-145260\" class=\"wpforms-submit custom-link btn border-width-0 btn-accent btn-icon-left cursor-init\" data-alt-text=\"Enviando...\" data-submit-text=\"Enviar\" aria-live=\"assertive\" value=\"wpforms-submit\">Enviar<\/button><img decoding=\"async\" src=\"https:\/\/zortea.com.br\/wp-content\/plugins\/wpforms\/assets\/images\/submit-spin.svg\" class=\"wpforms-submit-spinner\" style=\"display: none;\" width=\"26\" height=\"26\" alt=\"Loading\"><\/div><\/form><\/div>  <!-- .wpforms-container --><\/div><\/div><\/div><\/div><\/div><script id=\"script-row-unique-0\" data-row=\"script-row-unique-0\" type=\"text\/javascript\" class=\"vc_controls\">UNCODE.initRow(document.getElementById(\"row-unique-0\"));<\/script><\/div><\/div><\/div><div data-parent=\"true\" class=\"vc_row has-bg need-focus style-color-xsdn-bg row-container boomapps_vcrow\" id=\"row-unique-1\"><div class=\"row unequal col-no-gutter double-top-padding double-bottom-padding single-h-padding limit-width row-parent\"><div class=\"wpb_row row-inner\"><div class=\"wpb_column pos-top pos-right align_left column_parent col-lg-12 boomapps_vccolumn single-internal-gutter\"><div class=\"uncol style-spec style-dark animate_when_almost_visible left-t-right\"  ><div class=\"uncoltable\"><div class=\"uncell  boomapps_vccolumn no-block-padding\" ><div class=\"uncont\" ><div class=\"vc_custom_heading_wrap \"><div class=\"heading-text el-text\" ><h3 class=\"font-555555 custom text-accent-color fontsize-356110-custom font-size-custom\" ><span>Fale diretamente com nossas unidades:<\/span><\/h3><\/div><div class=\"clear\"><\/div><\/div><div class=\"vc_row row-internal row-container boomapps_vcrow\"><div class=\"row unequal row-child\"><div class=\"wpb_row row-inner\"><div class=\"wpb_column pos-top pos-center align_left column_child col-lg-4 boomapps_vccolumn single-internal-gutter\"><div class=\"uncol style-light animate_when_almost_visible bottom-t-top\" ><div class=\"uncoltable\"><div class=\"uncell  boomapps_vccolumn single-block-padding style-color-xsdn-bg unshadow-sm unradius-std\" ><div class=\"uncont\" ><div class=\"vc_custom_heading_wrap \"><div class=\"heading-text el-text\" ><h3 class=\"h4\" ><span>MATRIZ &#8211; Campo Grande\/MS<\/span><\/h3><div class=\"text-top-reduced\"><p><strong>Endere\u00e7o:<\/strong> Av. Eduardo Elias Zahran, 1066<br \/>\nJardim Tv Morena, Campo Grande - MS<br \/>\nCEP 79050-907<br \/>\n<strong>Telefone: <\/strong> (67) 3027 8000<br \/>\n<strong>Email:<\/strong> projetos@zortea.com.br<\/p>\n<\/div><\/div><div class=\"clear\"><\/div><\/div><\/div><\/div><\/div><\/div><\/div><div class=\"wpb_column pos-top pos-center align_left column_child col-lg-4 boomapps_vccolumn single-internal-gutter\"><div class=\"uncol style-light animate_when_almost_visible bottom-t-top\" data-delay=\"200\"><div class=\"uncoltable\"><div class=\"uncell  boomapps_vccolumn single-block-padding style-color-xsdn-bg unshadow-sm unradius-std\" ><div class=\"uncont\" ><div class=\"vc_custom_heading_wrap \"><div class=\"heading-text el-text\" ><h3 class=\"h4\" ><span>Campo Largo\/PR<\/span><\/h3><div class=\"text-top-reduced\"><p><strong>Endere\u00e7o:<\/strong> R. Alcides Valentino Zanella, 514<br \/>\nRondinha, Campo Largo - PR<br \/>\nCEP 83607-312<br \/>\n<strong>Telefone:<\/strong> (41) 3399-5181<\/p>\n<\/div><\/div><div class=\"clear\"><\/div><\/div><\/div><\/div><\/div><\/div><\/div><div class=\"wpb_column pos-top pos-center align_left column_child col-lg-4 boomapps_vccolumn single-internal-gutter\"><div class=\"uncol style-light animate_when_almost_visible bottom-t-top\" data-delay=\"400\"><div class=\"uncoltable\"><div class=\"uncell  boomapps_vccolumn single-block-padding style-color-xsdn-bg unshadow-sm unradius-std\" ><div class=\"uncont\" ><div class=\"vc_custom_heading_wrap \"><div class=\"heading-text el-text\" ><h3 class=\"h4\" ><span>V\u00e1rzea Grande\/MT<\/span><\/h3><div class=\"text-top-reduced\"><p><strong>Endere\u00e7o:<\/strong> Av. Gov. J\u00falio Campos, 8015<br \/>\nSanta Isabel, V\u00e1rzea Grande - MT<br \/>\nCEP 78150-850<br \/>\n<strong>Telefone:<\/strong> (65) 3029 9000<\/p>\n<\/div><\/div><div class=\"clear\"><\/div><\/div><\/div><\/div><\/div><\/div><\/div><\/div><\/div><\/div><\/div><\/div><\/div><\/div><\/div><script id=\"script-row-unique-1\" data-row=\"script-row-unique-1\" type=\"text\/javascript\" class=\"vc_controls\">UNCODE.initRow(document.getElementById(\"row-unique-1\"));<\/script><\/div><\/div><\/div>\n<\/div>","protected":false},"excerpt":{"rendered":"Entre em Contato com a Zort\u00e9a Constru\u00e7\u00f5esQuer&nbsp;saber&nbsp;mais&nbsp;sobre&nbsp;nossos&nbsp;projetos&nbsp;ou&nbsp;discutir&nbsp;como&nbsp;a&nbsp;Zort\u00e9a&nbsp;Constru\u00e7\u00f5es&nbsp;pode&nbsp;ajudar&nbsp;sua&nbsp;empresa?Estamos&nbsp;prontos&nbsp;para&nbsp;ouvir&nbsp;voc\u00ea!Entre&nbsp;em&nbsp;contato&nbsp;conosco&nbsp;pelos&nbsp;canais&nbsp;abaixo,&nbsp;e&nbsp;nossa&nbsp;equipe&nbsp;ter\u00e1&nbsp;prazer&nbsp;em&nbsp;atender&nbsp;suas&nbsp;necessidades.Please enable JavaScript in your browser to complete this form.Please enable JavaScript in your [...]","protected":false},"author":1,"featured_media":0,"parent":0,"menu_order":0,"comment_status":"closed","ping_status":"closed","template":"","meta":{"footnotes":""},"class_list":["post-145169","page","type-page","status-publish","hentry"],"yoast_head":"<!-- This site is optimized with the Yoast SEO plugin v27.4 - https:\/\/yoast.com\/product\/yoast-seo-wordpress\/ -->\n<title>Contato - Zort\u00e9a Constru\u00e7\u00f5es LTDA<\/title>\n<meta name=\"robots\" content=\"index, follow, max-snippet:-1, max-image-preview:large, max-video-preview:-1\" \/>\n<link rel=\"canonical\" href=\"https:\/\/zortea.com.br\/en\/contato\/\" \/>\n<meta property=\"og:locale\" content=\"en_US\" \/>\n<meta property=\"og:type\" content=\"article\" \/>\n<meta property=\"og:title\" content=\"Contato - Zort\u00e9a Constru\u00e7\u00f5es LTDA\" \/>\n<meta property=\"og:url\" content=\"https:\/\/zortea.com.br\/en\/contato\/\" \/>\n<meta property=\"og:site_name\" content=\"Zort\u00e9a Constru\u00e7\u00f5es LTDA\" \/>\n<meta property=\"article:publisher\" content=\"https:\/\/www.facebook.com\/zorteaconstrucoes\/?locale=pt_BR\" \/>\n<meta property=\"article:modified_time\" content=\"2025-04-26T04:06:35+00:00\" \/>\n<meta name=\"twitter:card\" content=\"summary_large_image\" \/>\n<meta name=\"twitter:label1\" content=\"Est. reading time\" \/>\n\t<meta name=\"twitter:data1\" content=\"2 minutes\" \/>\n<script type=\"application\/ld+json\" class=\"yoast-schema-graph\">{\"@context\":\"https:\\\/\\\/schema.org\",\"@graph\":[{\"@type\":\"WebPage\",\"@id\":\"https:\\\/\\\/zortea.com.br\\\/contato\\\/\",\"url\":\"https:\\\/\\\/zortea.com.br\\\/contato\\\/\",\"name\":\"Contato - Zort\u00e9a Constru\u00e7\u00f5es LTDA\",\"isPartOf\":{\"@id\":\"https:\\\/\\\/zortea.com.br\\\/#website\"},\"datePublished\":\"2024-12-03T05:04:13+00:00\",\"dateModified\":\"2025-04-26T04:06:35+00:00\",\"breadcrumb\":{\"@id\":\"https:\\\/\\\/zortea.com.br\\\/contato\\\/#breadcrumb\"},\"inLanguage\":\"en-US\",\"potentialAction\":[{\"@type\":\"ReadAction\",\"target\":[\"https:\\\/\\\/zortea.com.br\\\/contato\\\/\"]}]},{\"@type\":\"BreadcrumbList\",\"@id\":\"https:\\\/\\\/zortea.com.br\\\/contato\\\/#breadcrumb\",\"itemListElement\":[{\"@type\":\"ListItem\",\"position\":1,\"name\":\"In\u00edcio\",\"item\":\"https:\\\/\\\/zortea.com.br\\\/\"},{\"@type\":\"ListItem\",\"position\":2,\"name\":\"Contato\"}]},{\"@type\":\"WebSite\",\"@id\":\"https:\\\/\\\/zortea.com.br\\\/#website\",\"url\":\"https:\\\/\\\/zortea.com.br\\\/\",\"name\":\"Zort\u00e9a Constru\u00e7\u00f5es LTDA\",\"description\":\"\",\"publisher\":{\"@id\":\"https:\\\/\\\/zortea.com.br\\\/#organization\"},\"potentialAction\":[{\"@type\":\"SearchAction\",\"target\":{\"@type\":\"EntryPoint\",\"urlTemplate\":\"https:\\\/\\\/zortea.com.br\\\/?s={search_term_string}\"},\"query-input\":{\"@type\":\"PropertyValueSpecification\",\"valueRequired\":true,\"valueName\":\"search_term_string\"}}],\"inLanguage\":\"en-US\"},{\"@type\":\"Organization\",\"@id\":\"https:\\\/\\\/zortea.com.br\\\/#organization\",\"name\":\"Zort\u00e9a Constru\u00e7\u00f5es LTDA\",\"url\":\"https:\\\/\\\/zortea.com.br\\\/\",\"logo\":{\"@type\":\"ImageObject\",\"inLanguage\":\"en-US\",\"@id\":\"https:\\\/\\\/zortea.com.br\\\/#\\\/schema\\\/logo\\\/image\\\/\",\"url\":\"https:\\\/\\\/novo.zortea.com.br\\\/wp-content\\\/uploads\\\/2024\\\/12\\\/Zortea_Logo-variacao-horizontal-policromatica-e1726197378388.png\",\"contentUrl\":\"https:\\\/\\\/novo.zortea.com.br\\\/wp-content\\\/uploads\\\/2024\\\/12\\\/Zortea_Logo-variacao-horizontal-policromatica-e1726197378388.png\",\"width\":1049,\"height\":275,\"caption\":\"Zort\u00e9a Constru\u00e7\u00f5es LTDA\"},\"image\":{\"@id\":\"https:\\\/\\\/zortea.com.br\\\/#\\\/schema\\\/logo\\\/image\\\/\"},\"sameAs\":[\"https:\\\/\\\/www.facebook.com\\\/zorteaconstrucoes\\\/?locale=pt_BR\",\"https:\\\/\\\/www.instagram.com\\\/zorteaconstrucoes\\\/\",\"https:\\\/\\\/www.linkedin.com\\\/company\\\/zorta-construes\\\/?originalSubdomain=br\"]}]}<\/script>\n<!-- \/ Yoast SEO plugin. -->","yoast_head_json":{"title":"Contato - Zort\u00e9a Constru\u00e7\u00f5es LTDA","robots":{"index":"index","follow":"follow","max-snippet":"max-snippet:-1","max-image-preview":"max-image-preview:large","max-video-preview":"max-video-preview:-1"},"canonical":"https:\/\/zortea.com.br\/en\/contato\/","og_locale":"en_US","og_type":"article","og_title":"Contato - Zort\u00e9a Constru\u00e7\u00f5es LTDA","og_url":"https:\/\/zortea.com.br\/en\/contato\/","og_site_name":"Zort\u00e9a Constru\u00e7\u00f5es LTDA","article_publisher":"https:\/\/www.facebook.com\/zorteaconstrucoes\/?locale=pt_BR","article_modified_time":"2025-04-26T04:06:35+00:00","twitter_card":"summary_large_image","twitter_misc":{"Est. reading time":"2 minutes"},"schema":{"@context":"https:\/\/schema.org","@graph":[{"@type":"WebPage","@id":"https:\/\/zortea.com.br\/contato\/","url":"https:\/\/zortea.com.br\/contato\/","name":"Contato - Zort\u00e9a Constru\u00e7\u00f5es LTDA","isPartOf":{"@id":"https:\/\/zortea.com.br\/#website"},"datePublished":"2024-12-03T05:04:13+00:00","dateModified":"2025-04-26T04:06:35+00:00","breadcrumb":{"@id":"https:\/\/zortea.com.br\/contato\/#breadcrumb"},"inLanguage":"en-US","potentialAction":[{"@type":"ReadAction","target":["https:\/\/zortea.com.br\/contato\/"]}]},{"@type":"BreadcrumbList","@id":"https:\/\/zortea.com.br\/contato\/#breadcrumb","itemListElement":[{"@type":"ListItem","position":1,"name":"In\u00edcio","item":"https:\/\/zortea.com.br\/"},{"@type":"ListItem","position":2,"name":"Contato"}]},{"@type":"WebSite","@id":"https:\/\/zortea.com.br\/#website","url":"https:\/\/zortea.com.br\/","name":"Zort\u00e9a Constru\u00e7\u00f5es LTDA","description":"","publisher":{"@id":"https:\/\/zortea.com.br\/#organization"},"potentialAction":[{"@type":"SearchAction","target":{"@type":"EntryPoint","urlTemplate":"https:\/\/zortea.com.br\/?s={search_term_string}"},"query-input":{"@type":"PropertyValueSpecification","valueRequired":true,"valueName":"search_term_string"}}],"inLanguage":"en-US"},{"@type":"Organization","@id":"https:\/\/zortea.com.br\/#organization","name":"Zort\u00e9a Constru\u00e7\u00f5es LTDA","url":"https:\/\/zortea.com.br\/","logo":{"@type":"ImageObject","inLanguage":"en-US","@id":"https:\/\/zortea.com.br\/#\/schema\/logo\/image\/","url":"https:\/\/novo.zortea.com.br\/wp-content\/uploads\/2024\/12\/Zortea_Logo-variacao-horizontal-policromatica-e1726197378388.png","contentUrl":"https:\/\/novo.zortea.com.br\/wp-content\/uploads\/2024\/12\/Zortea_Logo-variacao-horizontal-policromatica-e1726197378388.png","width":1049,"height":275,"caption":"Zort\u00e9a Constru\u00e7\u00f5es LTDA"},"image":{"@id":"https:\/\/zortea.com.br\/#\/schema\/logo\/image\/"},"sameAs":["https:\/\/www.facebook.com\/zorteaconstrucoes\/?locale=pt_BR","https:\/\/www.instagram.com\/zorteaconstrucoes\/","https:\/\/www.linkedin.com\/company\/zorta-construes\/?originalSubdomain=br"]}]}},"_links":{"self":[{"href":"https:\/\/zortea.com.br\/en\/wp-json\/wp\/v2\/pages\/145169","targetHints":{"allow":["GET"]}}],"collection":[{"href":"https:\/\/zortea.com.br\/en\/wp-json\/wp\/v2\/pages"}],"about":[{"href":"https:\/\/zortea.com.br\/en\/wp-json\/wp\/v2\/types\/page"}],"author":[{"embeddable":true,"href":"https:\/\/zortea.com.br\/en\/wp-json\/wp\/v2\/users\/1"}],"replies":[{"embeddable":true,"href":"https:\/\/zortea.com.br\/en\/wp-json\/wp\/v2\/comments?post=145169"}],"version-history":[{"count":0,"href":"https:\/\/zortea.com.br\/en\/wp-json\/wp\/v2\/pages\/145169\/revisions"}],"wp:attachment":[{"href":"https:\/\/zortea.com.br\/en\/wp-json\/wp\/v2\/media?parent=145169"}],"curies":[{"name":"wp","href":"https:\/\/api.w.org\/{rel}","templated":true}]}}