{"id":145331,"date":"2024-12-09T23:08:32","date_gmt":"2024-12-10T02:08:32","guid":{"rendered":"https:\/\/novo.zortea.com.br\/?page_id=145331"},"modified":"2025-04-26T00:59:02","modified_gmt":"2025-04-26T03:59:02","slug":"presenca","status":"publish","type":"page","link":"https:\/\/zortea.com.br\/en\/institucional\/presenca\/","title":{"rendered":"Presence"},"content":{"rendered":"<div class=\"wpb-content-wrapper\"><div data-parent=\"true\" class=\"vc_row hero-section has-bg need-focus style-color-xsdn-bg row-container boomapps_vcrow\" id=\"row-unique-0\"><div class=\"row-background background-element\">\n\t\t\t\t\t\t\t\t\t\t\t<div class=\"background-wrapper\">\n\t\t\t\t\t\t\t\t\t\t\t\t<div class=\"background-inner\" style=\"background-image: url(https:\/\/zortea.com.br\/wp-content\/uploads\/2024\/12\/BG10.png);background-repeat: no-repeat;background-position: center bottom;background-attachment: scroll;background-size: cover;\"><\/div>\n\t\t\t\t\t\t\t\t\t\t\t\t<div class=\"block-bg-overlay style-color-xsdn-bg\" style=\"opacity: 0.6;\"><\/div>\n\t\t\t\t\t\t\t\t\t\t\t<\/div>\n\t\t\t\t\t\t\t\t\t\t<\/div><div class=\"row unequal double-top-padding double-bottom-padding single-h-padding limit-width row-parent\"><div class=\"wpb_row row-inner\"><div class=\"wpb_column pos-middle pos-center align_left column_parent col-lg-8 boomapps_vccolumn single-internal-gutter\"><div class=\"uncol style-light\"  ><div class=\"uncoltable\"><div class=\"uncell  boomapps_vccolumn no-block-padding\" ><div class=\"uncont\" ><div class=\"vc_custom_heading_wrap\"><div class=\"heading-text el-text\" ><h1 class=\"font-555555 h1 text-accent-color\" ><span>Our Presence<\/span><\/h1><\/div><div class=\"clear\"><\/div><\/div><div class=\"vc_custom_heading_wrap\"><div class=\"heading-text el-text\" ><p class=\"fontsize-522881 font-weight-400 text-color-prif-color\" ><span>With decades of experience in the agro-industrial sector, Zort\u00e9a Constru\u00e7\u00f5es operates in key regions across Brazil, delivering innovative solutions for storage, logistics, and infrastructure. In addition to our strategic units, we have completed high-impact projects throughout the country.<\/span><\/p><\/div><div class=\"clear\"><\/div><\/div><\/div><\/div><\/div><\/div><\/div><div class=\"wpb_column pos-top pos-center align_left column_parent col-lg-4 boomapps_vccolumn single-internal-gutter\"><div class=\"uncol style-light\"  ><div class=\"uncoltable\"><div class=\"uncell  boomapps_vccolumn no-block-padding\" ><div class=\"uncont\" ><\/div><\/div><\/div><\/div><\/div><script id=\"script-row-unique-0\" data-row=\"script-row-unique-0\" type=\"text\/javascript\" class=\"vc_controls\">UNCODE.initRow(document.getElementById(\"row-unique-0\"));<\/script><\/div><\/div><\/div><div data-parent=\"true\" class=\"vc_row row-container boomapps_vcrow\" id=\"row-unique-1\"><div class=\"row double-top-padding double-bottom-padding single-h-padding limit-width row-parent\"><div class=\"wpb_row row-inner\"><div class=\"wpb_column pos-top pos-center align_left column_parent col-lg-12 boomapps_vccolumn single-internal-gutter\"><div class=\"uncol style-light\"  ><div class=\"uncoltable\"><div class=\"uncell  boomapps_vccolumn no-block-padding\" ><div class=\"uncont\" ><div class=\"vc_custom_heading_wrap\"><div class=\"heading-text el-text\" ><h2 class=\"h2 text-accent-color\" ><span>Our Units in Brazil<\/span><\/h2><\/div><div class=\"clear\"><\/div><\/div><div class=\"vc_row row-internal row-container boomapps_vcrow\"><div class=\"row row-child\"><div class=\"wpb_row row-inner\"><div class=\"wpb_column pos-top pos-center align_left column_child col-lg-4 boomapps_vccolumn single-internal-gutter\"><div class=\"uncol style-light\" ><div class=\"uncoltable\"><div class=\"uncell  boomapps_vccolumn no-block-padding\" ><div class=\"uncont\" ><div class=\"uncode-single-media  text-left\"><div class=\"single-wrapper\" style=\"max-width: 100%;\"><div class=\"tmb tmb-light  img-round img-round-std tmb-img-ratio tmb-media-first tmb-media-last tmb-content-overlay tmb-no-bg\"><div class=\"t-inside\"><div class=\"t-entry-visual\"><div class=\"t-entry-visual-tc\"><div class=\"uncode-single-media-wrapper img-round img-round-std\"><div class=\"dummy\" style=\"padding-top: 56.3%;\"><\/div><img decoding=\"async\" class=\"wp-image-146166\" src=\"https:\/\/zortea.com.br\/wp-content\/uploads\/2025\/04\/Matriz-Campo-Grande_MS-uai-1920x1080.jpeg\" width=\"1920\" height=\"1080\" alt=\"\"><\/div>\n\t\t\t\t\t<\/div>\n\t\t\t\t<\/div><\/div><\/div><\/div><\/div><div class=\"vc_custom_heading_wrap\"><div class=\"heading-text el-text\" ><h3 class=\"h4\" ><span>Matriz &#8211; Campo Grande\/MS<\/span><\/h3><div><p>Our headquarters is the center of engineering, project management, and safety operations, as well as the lead hub for customer service and coordination of major projects.<br \/>\nThis is also where we manage Turn-Key projects, in which we take full responsibility for the entire project scope\u2014including electrical, mechanical, and civil engineering, as well as any specific requirements. This approach ensures maximum efficiency, cost reduction, and optimized deadlines for our clients.<\/p>\n<\/div><\/div><div class=\"clear\"><\/div><\/div><\/div><\/div><\/div><\/div><\/div><div class=\"wpb_column pos-top pos-center align_left column_child col-lg-4 boomapps_vccolumn single-internal-gutter\"><div class=\"uncol style-light\" ><div class=\"uncoltable\"><div class=\"uncell  boomapps_vccolumn no-block-padding\" ><div class=\"uncont\" ><div class=\"uncode-single-media  text-left\"><div class=\"single-wrapper\" style=\"max-width: 100%;\"><div class=\"tmb tmb-light  img-round img-round-std tmb-img-ratio tmb-media-first tmb-media-last tmb-content-overlay tmb-no-bg\"><div class=\"t-inside\"><div class=\"t-entry-visual\"><div class=\"t-entry-visual-tc\"><div class=\"uncode-single-media-wrapper img-round img-round-std\"><div class=\"dummy\" style=\"padding-top: 56.3%;\"><\/div><img decoding=\"async\" class=\"wp-image-146165\" src=\"https:\/\/zortea.com.br\/wp-content\/uploads\/2025\/04\/Filial-Campo-Largo_PR-uai-1920x1080.jpeg\" width=\"1920\" height=\"1080\" alt=\"\"><\/div>\n\t\t\t\t\t<\/div>\n\t\t\t\t<\/div><\/div><\/div><\/div><\/div><div class=\"vc_custom_heading_wrap\"><div class=\"heading-text el-text\" ><h3 class=\"h4\" ><span>Centro de Distribui\u00e7\u00e3o &#8211; Campo Largo\/PR<\/span><\/h3><div><p>The Distribution and Storage Center (CDA) in Campo Largo streamlines the delivery of equipment and materials, ensuring logistical efficiency for our projects. The facility also includes a central warehouse and an in-house workshop for maintaining our fleet of over 300 pieces of equipment.<\/p>\n<\/div><\/div><div class=\"clear\"><\/div><\/div><\/div><\/div><\/div><\/div><\/div><div class=\"wpb_column pos-top pos-center align_left column_child col-lg-4 boomapps_vccolumn single-internal-gutter\"><div class=\"uncol style-light\" ><div class=\"uncoltable\"><div class=\"uncell  boomapps_vccolumn no-block-padding\" ><div class=\"uncont\" ><div class=\"uncode-single-media  text-left\"><div class=\"single-wrapper\" style=\"max-width: 100%;\"><div class=\"tmb tmb-light  img-round img-round-std tmb-img-ratio tmb-media-first tmb-media-last tmb-content-overlay tmb-no-bg\"><div class=\"t-inside\"><div class=\"t-entry-visual\"><div class=\"t-entry-visual-tc\"><div class=\"uncode-single-media-wrapper img-round img-round-std\"><div class=\"dummy\" style=\"padding-top: 56.4%;\"><\/div><img decoding=\"async\" class=\"wp-image-145993\" src=\"https:\/\/zortea.com.br\/wp-content\/uploads\/2025\/01\/Design-sem-nome-uai-346x195.png\" width=\"346\" height=\"195\" alt=\"\"><\/div>\n\t\t\t\t\t<\/div>\n\t\t\t\t<\/div><\/div><\/div><\/div><\/div><div class=\"vc_custom_heading_wrap\"><div class=\"heading-text el-text\" ><h2 class=\"&#8221;h4&#8243;\" ><span>F\u00e1brica de Pr\u00e9-Moldados &#8211; V\u00e1rzea Grande\/MT<\/span><\/h2><div><p>&#8221;Com<\/p>\n<\/div><\/div><div class=\"clear\"><\/div><\/div><\/div><\/div><\/div><\/div><\/div><\/div><\/div><\/div><\/div><\/div><\/div><\/div><\/div><script id=\"script-row-unique-1\" data-row=\"script-row-unique-1\" type=\"text\/javascript\" class=\"vc_controls\">UNCODE.initRow(document.getElementById(\"row-unique-1\"));<\/script><\/div><\/div><\/div><div data-parent=\"true\" class=\"vc_row has-bg need-focus style-color-lxmt-bg row-container boomapps_vcrow\" id=\"row-unique-2\"><div class=\"row unequal double-top-padding double-bottom-padding single-h-padding limit-width row-parent\"><div class=\"wpb_row row-inner\"><div class=\"wpb_column pos-middle pos-center align_left column_parent col-lg-4 boomapps_vccolumn single-internal-gutter\"><div class=\"uncol style-light\"  ><div class=\"uncoltable\"><div class=\"uncell  boomapps_vccolumn no-block-padding\" ><div class=\"uncont\" ><div class=\"vc_custom_heading_wrap\"><div class=\"heading-text el-text\" ><h2 class=\"h2 text-accent-color\" ><span>Our Projects<\/span><\/h2><\/div><div class=\"clear\"><\/div><\/div><div class=\"vc_custom_heading_wrap\"><div class=\"heading-text el-text\" ><h2 class=\"fontsize-522881 fontheight-357766 font-weight-400\" ><span>Zort\u00e9a Constru\u00e7\u00f5es has successfully completed projects in various regions across Brazil, serving major agribusiness players. Check out some of the locations where our work has made an impact:<\/span><\/h2><\/div><div class=\"clear\"><\/div><\/div><\/div><\/div><\/div><\/div><\/div><div class=\"wpb_column pos-top pos-center align_left column_parent col-lg-8 boomapps_vccolumn single-internal-gutter\"><div class=\"uncol style-light\"  ><div class=\"uncoltable\"><div class=\"uncell  boomapps_vccolumn no-block-padding  unradius-std\" ><div class=\"uncont\" >\n\t<div class=\"wpb_raw_code wpb_raw_html\" >\n\t\t<div class=\"wpb_wrapper\">\n\t\t\t<style>\r\n\t#wpsl-stores .wpsl-store-thumb {height:45px !important; width:45px !important;}\r\n\t#wpsl-stores, #wpsl-direction-details, #wpsl-gmap {height:350px !important;}\r\n\t#wpsl-gmap .wpsl-info-window {max-width:225px !important;}\r\n\t.wpsl-input label, #wpsl-radius label, #wpsl-category label {width:95px;}\r\n\t#wpsl-search-input  {width:179px;}\r\n<\/style>\r\n<div id=\"wpsl-wrap\">\r\n\t<div class=\"wpsl-search wpsl-clearfix\">\r\n\t\t<div id=\"wpsl-search-wrap\">\r\n\t\t\t<form autocomplete=\"off\" action=\"\">\r\n\t\t\t<div class=\"wpsl-input\">\r\n\t\t\t\t<div><label for=\"wpsl-search-input\">Sua Localiza\u00e7\u00e3o<\/label><\/div>\r\n\t\t\t\t<input id=\"wpsl-search-input\" type=\"text\" value=\"\" name=\"wpsl-search-input\" placeholder=\"\" aria-required=\"true\" \/>\r\n\t\t\t<\/div>\r\n\t\t\t<div class=\"wpsl-select-wrap\">\r\n\t\t\t\t<div id=\"wpsl-radius\">\r\n\t\t\t\t\t<label for=\"wpsl-radius-dropdown\">Raio de busca<\/label>\r\n\t\t\t\t\t<select id=\"wpsl-radius-dropdown\" class=\"wpsl-dropdown\" name=\"wpsl-radius\">\r\n\t\t\t\t\t\t<option value=\"10\">10 km<\/option><option value=\"25\">25 km<\/option><option selected=\"selected\" value=\"50\">50 km<\/option><option value=\"100\">100 km<\/option><option value=\"200\">200 km<\/option><option value=\"500\">500 km<\/option>\r\n\t\t\t\t\t<\/select>\r\n\t\t\t\t<\/div>\r\n\t\t\t\t<div id=\"wpsl-results\">\r\n\t\t\t\t\t<label for=\"wpsl-results-dropdown\">Resultados<\/label>\r\n\t\t\t\t\t<select id=\"wpsl-results-dropdown\" class=\"wpsl-dropdown\" name=\"wpsl-results\">\r\n\t\t\t\t\t\t<option selected=\"selected\" value=\"25\">25<\/option><option value=\"50\">50<\/option><option value=\"75\">75<\/option><option value=\"100\">100<\/option>\r\n\t\t\t\t\t<\/select>\r\n\t\t\t\t<\/div>\r\n\t\t\t<\/div>\r\n\t\t\t\t<div class=\"wpsl-search-btn-wrap\"><input id=\"wpsl-search-btn\" type=\"submit\" value=\"Buscar:\"><\/div>\r\n\t\t<input type=\"hidden\" name=\"trp-form-language\" value=\"en\"\/><\/form>\r\n\t\t<\/div>\r\n\t<\/div>\r\n\t<div id=\"wpsl-gmap\" class=\"wpsl-gmap-canvas\"><\/div>\r\n\t<div id=\"wpsl-result-list\">\r\n\t\t<div id=\"wpsl-stores\" >\r\n\t\t\t<ul><\/ul>\r\n\t\t<\/div>\r\n\t\t<div id=\"wpsl-direction-details\">\r\n\t\t\t<ul><\/ul>\r\n\t\t<\/div>\r\n\t<\/div>\r\n<\/div>\r\n\n\t\t<\/div>\n\t<\/div>\n<\/div><\/div><\/div><\/div><\/div><script id=\"script-row-unique-2\" data-row=\"script-row-unique-2\" type=\"text\/javascript\" class=\"vc_controls\">UNCODE.initRow(document.getElementById(\"row-unique-2\"));<\/script><\/div><\/div><\/div>\n<\/div>","protected":false},"excerpt":{"rendered":"Nossa Presen\u00e7aCom d\u00e9cadas de atua\u00e7\u00e3o no setor agroindustrial, a Zort\u00e9a Constru\u00e7\u00f5es est\u00e1 presente nas principais regi\u00f5es do Brasil, levando solu\u00e7\u00f5es [...]","protected":false},"author":1,"featured_media":0,"parent":145161,"menu_order":0,"comment_status":"closed","ping_status":"closed","template":"","meta":{"footnotes":""},"class_list":["post-145331","page","type-page","status-publish","hentry"],"yoast_head":"<!-- This site is optimized with the Yoast SEO plugin v27.4 - https:\/\/yoast.com\/product\/yoast-seo-wordpress\/ -->\n<title>Presen\u00e7a - Zort\u00e9a Constru\u00e7\u00f5es LTDA<\/title>\n<meta name=\"description\" content=\"Presente h\u00e1 mais de 45 anos no mercado, atuando em todo o Brasil com excel\u00eancia na constru\u00e7\u00e3o de unidades agroindustriais. Solidez, inova\u00e7\u00e3o e compromisso em cada obra.\" \/>\n<meta name=\"robots\" content=\"index, follow, max-snippet:-1, max-image-preview:large, max-video-preview:-1\" \/>\n<link rel=\"canonical\" href=\"https:\/\/zortea.com.br\/en\/institucional\/presenca\/\" \/>\n<meta property=\"og:locale\" content=\"en_US\" \/>\n<meta property=\"og:type\" content=\"article\" \/>\n<meta property=\"og:title\" content=\"Presen\u00e7a - Zort\u00e9a Constru\u00e7\u00f5es LTDA\" \/>\n<meta property=\"og:description\" content=\"Presente h\u00e1 mais de 45 anos no mercado, atuando em todo o Brasil com excel\u00eancia na constru\u00e7\u00e3o de unidades agroindustriais. Solidez, inova\u00e7\u00e3o e compromisso em cada obra.\" \/>\n<meta property=\"og:url\" content=\"https:\/\/zortea.com.br\/en\/institucional\/presenca\/\" \/>\n<meta property=\"og:site_name\" content=\"Zort\u00e9a Constru\u00e7\u00f5es LTDA\" \/>\n<meta property=\"article:publisher\" content=\"https:\/\/www.facebook.com\/zorteaconstrucoes\/?locale=pt_BR\" \/>\n<meta property=\"article:modified_time\" content=\"2025-04-26T03:59:02+00:00\" \/>\n<meta name=\"twitter:card\" content=\"summary_large_image\" \/>\n<meta name=\"twitter:label1\" content=\"Est. reading time\" \/>\n\t<meta name=\"twitter:data1\" content=\"3 minutes\" \/>\n<script type=\"application\/ld+json\" class=\"yoast-schema-graph\">{\"@context\":\"https:\\\/\\\/schema.org\",\"@graph\":[{\"@type\":\"WebPage\",\"@id\":\"https:\\\/\\\/zortea.com.br\\\/institucional\\\/presenca\\\/\",\"url\":\"https:\\\/\\\/zortea.com.br\\\/institucional\\\/presenca\\\/\",\"name\":\"Presen\u00e7a - Zort\u00e9a Constru\u00e7\u00f5es LTDA\",\"isPartOf\":{\"@id\":\"https:\\\/\\\/zortea.com.br\\\/#website\"},\"datePublished\":\"2024-12-10T02:08:32+00:00\",\"dateModified\":\"2025-04-26T03:59:02+00:00\",\"description\":\"Presente h\u00e1 mais de 45 anos no mercado, atuando em todo o Brasil com excel\u00eancia na constru\u00e7\u00e3o de unidades agroindustriais. Solidez, inova\u00e7\u00e3o e compromisso em cada obra.\",\"breadcrumb\":{\"@id\":\"https:\\\/\\\/zortea.com.br\\\/institucional\\\/presenca\\\/#breadcrumb\"},\"inLanguage\":\"en-US\",\"potentialAction\":[{\"@type\":\"ReadAction\",\"target\":[\"https:\\\/\\\/zortea.com.br\\\/institucional\\\/presenca\\\/\"]}]},{\"@type\":\"BreadcrumbList\",\"@id\":\"https:\\\/\\\/zortea.com.br\\\/institucional\\\/presenca\\\/#breadcrumb\",\"itemListElement\":[{\"@type\":\"ListItem\",\"position\":1,\"name\":\"In\u00edcio\",\"item\":\"https:\\\/\\\/zortea.com.br\\\/\"},{\"@type\":\"ListItem\",\"position\":2,\"name\":\"Institucional\",\"item\":\"https:\\\/\\\/zortea.com.br\\\/institucional\\\/\"},{\"@type\":\"ListItem\",\"position\":3,\"name\":\"Presen\u00e7a\"}]},{\"@type\":\"WebSite\",\"@id\":\"https:\\\/\\\/zortea.com.br\\\/#website\",\"url\":\"https:\\\/\\\/zortea.com.br\\\/\",\"name\":\"Zort\u00e9a Constru\u00e7\u00f5es LTDA\",\"description\":\"\",\"publisher\":{\"@id\":\"https:\\\/\\\/zortea.com.br\\\/#organization\"},\"potentialAction\":[{\"@type\":\"SearchAction\",\"target\":{\"@type\":\"EntryPoint\",\"urlTemplate\":\"https:\\\/\\\/zortea.com.br\\\/?s={search_term_string}\"},\"query-input\":{\"@type\":\"PropertyValueSpecification\",\"valueRequired\":true,\"valueName\":\"search_term_string\"}}],\"inLanguage\":\"en-US\"},{\"@type\":\"Organization\",\"@id\":\"https:\\\/\\\/zortea.com.br\\\/#organization\",\"name\":\"Zort\u00e9a Constru\u00e7\u00f5es LTDA\",\"url\":\"https:\\\/\\\/zortea.com.br\\\/\",\"logo\":{\"@type\":\"ImageObject\",\"inLanguage\":\"en-US\",\"@id\":\"https:\\\/\\\/zortea.com.br\\\/#\\\/schema\\\/logo\\\/image\\\/\",\"url\":\"https:\\\/\\\/novo.zortea.com.br\\\/wp-content\\\/uploads\\\/2024\\\/12\\\/Zortea_Logo-variacao-horizontal-policromatica-e1726197378388.png\",\"contentUrl\":\"https:\\\/\\\/novo.zortea.com.br\\\/wp-content\\\/uploads\\\/2024\\\/12\\\/Zortea_Logo-variacao-horizontal-policromatica-e1726197378388.png\",\"width\":1049,\"height\":275,\"caption\":\"Zort\u00e9a Constru\u00e7\u00f5es LTDA\"},\"image\":{\"@id\":\"https:\\\/\\\/zortea.com.br\\\/#\\\/schema\\\/logo\\\/image\\\/\"},\"sameAs\":[\"https:\\\/\\\/www.facebook.com\\\/zorteaconstrucoes\\\/?locale=pt_BR\",\"https:\\\/\\\/www.instagram.com\\\/zorteaconstrucoes\\\/\",\"https:\\\/\\\/www.linkedin.com\\\/company\\\/zorta-construes\\\/?originalSubdomain=br\"]}]}<\/script>\n<!-- \/ Yoast SEO plugin. -->","yoast_head_json":{"title":"Presen\u00e7a - Zort\u00e9a Constru\u00e7\u00f5es LTDA","description":"Presente h\u00e1 mais de 45 anos no mercado, atuando em todo o Brasil com excel\u00eancia na constru\u00e7\u00e3o de unidades agroindustriais. Solidez, inova\u00e7\u00e3o e compromisso em cada obra.","robots":{"index":"index","follow":"follow","max-snippet":"max-snippet:-1","max-image-preview":"max-image-preview:large","max-video-preview":"max-video-preview:-1"},"canonical":"https:\/\/zortea.com.br\/en\/institucional\/presenca\/","og_locale":"en_US","og_type":"article","og_title":"Presen\u00e7a - Zort\u00e9a Constru\u00e7\u00f5es LTDA","og_description":"Presente h\u00e1 mais de 45 anos no mercado, atuando em todo o Brasil com excel\u00eancia na constru\u00e7\u00e3o de unidades agroindustriais. Solidez, inova\u00e7\u00e3o e compromisso em cada obra.","og_url":"https:\/\/zortea.com.br\/en\/institucional\/presenca\/","og_site_name":"Zort\u00e9a Constru\u00e7\u00f5es LTDA","article_publisher":"https:\/\/www.facebook.com\/zorteaconstrucoes\/?locale=pt_BR","article_modified_time":"2025-04-26T03:59:02+00:00","twitter_card":"summary_large_image","twitter_misc":{"Est. reading time":"3 minutes"},"schema":{"@context":"https:\/\/schema.org","@graph":[{"@type":"WebPage","@id":"https:\/\/zortea.com.br\/institucional\/presenca\/","url":"https:\/\/zortea.com.br\/institucional\/presenca\/","name":"Presen\u00e7a - Zort\u00e9a Constru\u00e7\u00f5es LTDA","isPartOf":{"@id":"https:\/\/zortea.com.br\/#website"},"datePublished":"2024-12-10T02:08:32+00:00","dateModified":"2025-04-26T03:59:02+00:00","description":"Presente h\u00e1 mais de 45 anos no mercado, atuando em todo o Brasil com excel\u00eancia na constru\u00e7\u00e3o de unidades agroindustriais. Solidez, inova\u00e7\u00e3o e compromisso em cada obra.","breadcrumb":{"@id":"https:\/\/zortea.com.br\/institucional\/presenca\/#breadcrumb"},"inLanguage":"en-US","potentialAction":[{"@type":"ReadAction","target":["https:\/\/zortea.com.br\/institucional\/presenca\/"]}]},{"@type":"BreadcrumbList","@id":"https:\/\/zortea.com.br\/institucional\/presenca\/#breadcrumb","itemListElement":[{"@type":"ListItem","position":1,"name":"In\u00edcio","item":"https:\/\/zortea.com.br\/"},{"@type":"ListItem","position":2,"name":"Institucional","item":"https:\/\/zortea.com.br\/institucional\/"},{"@type":"ListItem","position":3,"name":"Presen\u00e7a"}]},{"@type":"WebSite","@id":"https:\/\/zortea.com.br\/#website","url":"https:\/\/zortea.com.br\/","name":"Zort\u00e9a Constru\u00e7\u00f5es LTDA","description":"","publisher":{"@id":"https:\/\/zortea.com.br\/#organization"},"potentialAction":[{"@type":"SearchAction","target":{"@type":"EntryPoint","urlTemplate":"https:\/\/zortea.com.br\/?s={search_term_string}"},"query-input":{"@type":"PropertyValueSpecification","valueRequired":true,"valueName":"search_term_string"}}],"inLanguage":"en-US"},{"@type":"Organization","@id":"https:\/\/zortea.com.br\/#organization","name":"Zort\u00e9a Constru\u00e7\u00f5es LTDA","url":"https:\/\/zortea.com.br\/","logo":{"@type":"ImageObject","inLanguage":"en-US","@id":"https:\/\/zortea.com.br\/#\/schema\/logo\/image\/","url":"https:\/\/novo.zortea.com.br\/wp-content\/uploads\/2024\/12\/Zortea_Logo-variacao-horizontal-policromatica-e1726197378388.png","contentUrl":"https:\/\/novo.zortea.com.br\/wp-content\/uploads\/2024\/12\/Zortea_Logo-variacao-horizontal-policromatica-e1726197378388.png","width":1049,"height":275,"caption":"Zort\u00e9a Constru\u00e7\u00f5es LTDA"},"image":{"@id":"https:\/\/zortea.com.br\/#\/schema\/logo\/image\/"},"sameAs":["https:\/\/www.facebook.com\/zorteaconstrucoes\/?locale=pt_BR","https:\/\/www.instagram.com\/zorteaconstrucoes\/","https:\/\/www.linkedin.com\/company\/zorta-construes\/?originalSubdomain=br"]}]}},"_links":{"self":[{"href":"https:\/\/zortea.com.br\/en\/wp-json\/wp\/v2\/pages\/145331","targetHints":{"allow":["GET"]}}],"collection":[{"href":"https:\/\/zortea.com.br\/en\/wp-json\/wp\/v2\/pages"}],"about":[{"href":"https:\/\/zortea.com.br\/en\/wp-json\/wp\/v2\/types\/page"}],"author":[{"embeddable":true,"href":"https:\/\/zortea.com.br\/en\/wp-json\/wp\/v2\/users\/1"}],"replies":[{"embeddable":true,"href":"https:\/\/zortea.com.br\/en\/wp-json\/wp\/v2\/comments?post=145331"}],"version-history":[{"count":0,"href":"https:\/\/zortea.com.br\/en\/wp-json\/wp\/v2\/pages\/145331\/revisions"}],"up":[{"embeddable":true,"href":"https:\/\/zortea.com.br\/en\/wp-json\/wp\/v2\/pages\/145161"}],"wp:attachment":[{"href":"https:\/\/zortea.com.br\/en\/wp-json\/wp\/v2\/media?parent=145331"}],"curies":[{"name":"wp","href":"https:\/\/api.w.org\/{rel}","templated":true}]}}