{"id":22,"date":"2024-09-13T03:23:53","date_gmt":"2024-09-13T03:23:53","guid":{"rendered":"https:\/\/zortea.com.br\/trabalheconosco\/?page_id=22"},"modified":"2025-03-18T09:21:04","modified_gmt":"2025-03-18T12:21:04","slug":"buscar-vagas","status":"publish","type":"page","link":"https:\/\/zortea.com.br\/trabalheconosco\/buscar-vagas\/","title":{"rendered":"Buscar Vagas"},"content":{"rendered":"<div class=\"wpb-content-wrapper\"><div data-parent=\"true\" class=\"vc_row row-container boomapps_vcrow\" id=\"row-unique-0\"><div class=\"row single-top-padding one-bottom-padding single-h-padding limit-width row-parent\"><div class=\"wpb_row row-inner\"><div class=\"wpb_column pos-top pos-center align_left column_parent col-lg-12 boomapps_vccolumn single-internal-gutter\"><div class=\"uncol style-light\"  ><div class=\"uncoltable\"><div class=\"uncell  boomapps_vccolumn no-block-padding\" ><div class=\"uncont\" ><div class=\"vc_custom_heading_wrap \"><div class=\"heading-text el-text single-curtain animate_inner_when_almost_visible el-text-split\" ><h1 class=\"h1 font-weight-800 font-obs\" data-style=\"normal\" data-weight=\"800\" data-font=\"Poppins\"><span class=\"heading-text-inner\"><span class=\"split-word word1\"><span class=\"split-word-flow\"><span class=\"split-word-inner\"><span class=\"split-char char92\">V<\/span><span class=\"split-char char93\">a<\/span><span class=\"split-char char94\">g<\/span><span class=\"split-char char95\">a<\/span><span class=\"split-char char96\">s<\/span><\/span><\/span><\/span><span class=\"split-word word2\"><span class=\"split-word-flow\"><span class=\"split-word-inner split-empty-inner\"><span class=\"split-word-empty\">&nbsp;<\/span><span class=\"split-char char271\">d<\/span><span class=\"split-char char272\">i<\/span><span class=\"split-char char273\">s<\/span><span class=\"split-char char274\">p<\/span><span class=\"split-char char275\">o<\/span><span class=\"split-char char276\">n<\/span><span class=\"split-char char277\">\u00ed<\/span><span class=\"split-char char278\">v<\/span><span class=\"split-char char279\">e<\/span><span class=\"split-char char280\">i<\/span><span class=\"split-char char281\">s<\/span><\/span><\/span><\/span><\/span><\/h1><\/div><div class=\"clear\"><\/div><\/div><\/div><\/div><\/div><\/div><\/div><script id=\"script-row-unique-0\" data-row=\"script-row-unique-0\" type=\"text\/javascript\" class=\"vc_controls\">UNCODE.initRow(document.getElementById(\"row-unique-0\"));<\/script><\/div><\/div><\/div><div data-parent=\"true\" class=\"vc_row row-container boomapps_vcrow\" id=\"row-unique-1\"><div class=\"row limit-width row-parent\"><div class=\"wpb_row row-inner\"><div class=\"wpb_column pos-top pos-center align_left column_parent col-lg-12 boomapps_vccolumn single-internal-gutter\"><div class=\"uncol style-light\"  ><div class=\"uncoltable\"><div class=\"uncell  boomapps_vccolumn no-block-padding  unradius-std\" ><div class=\"uncont\" ><div id=\"index-323577\" class=\"isotope-system isotope-general-light grid-general-light ajax-grid-system\" data-toggle=\"\">\n\t\t\t\t\t\t\t\n\t\t\t\t<div class=\"grid-filters menu-container menu-animated single-gutter filter-typography-inherit submenu-light  no-text-uppercase menu-light\"><div class=\"menu-horizontal menu-sub-enhanced text-mobile-center \"><div class=\"filter-main-group\"><a href=\"#\" class=\"uncode-toggle-ajax-filters item-align-left\"><span class=\"toggle-filter-hide\">Ocultar filtros<\/span><span class=\"toggle-filter-show\">Show filters<\/span><\/a><\/div><\/div><\/div>\n\t\t\t\t<div class=\"ajax-filter-wrapper ajax-filter-position-left\">\n\t\t\t\t\t<div class=\"ajax-filter-sidebar-wrapper row-container col-lg-4\">\n\n\t\t\t\t\t\t\n\t\t\t\t\t\t<div class=\"ajax-filter-sidebar ajax-sidebar-position-mobile-left ajax-sidebar-position-left half-margin\" data-max-width=\"0\">\n\t\t\t\t\t\t\t<div class=\"ajax-filter-sidebar-header\">\n\t\t\t\t\t\t\t\t<div class=\"close-ajax-filter-sidebar btn btn-link\"><span>&times;<\/span> Close<\/div>\n\t\t\t\t\t\t\t<\/div>\n\t\t\t\t\t\t\t<div class=\"ajax-filter-sidebar-body\">\n\t\t\t\t\t\t\t<div data-parent=\"true\" class=\"vc_row row-container boomapps_vcrow\" id=\"row-unique-2\"><div class=\"row limit-width row-parent\"><div class=\"wpb_row row-inner\"><div class=\"wpb_column pos-top pos-center align_left column_parent col-lg-12 boomapps_vccolumn single-internal-gutter\"><div class=\"uncol style-light font-555555\"  ><div class=\"uncoltable\"><div class=\"uncell  boomapps_vccolumn single-block-padding style-color-lxmt-bg has-bg\" ><div class=\"uncont\" >\n\t<div class=\"uncode_widget widget-ajax-filters wpb_content_element widget-ajax-filters--single widget-ajax-filters--search\"  data-id=\"1\">\n\t\t\n\t\t\n\t\t\n\t\t<div class=\"term-filters\">\n\t\t\t\t<div class=\"term-filters-search search-container-inner\">\n\t\t<input type=\"search\" name=\"term-filters-search-input\" class=\"term-filters-search-input form-fluid\" value=\"\" placeholder=\"Buscar...\" aria-label=\"Buscar...\">\n\t\t<i class=\"fa fa-search3\" role=\"button\"><\/i>\n\t<\/div>\n\t\t\t<\/div>\n\n\t\t\t<\/div>\n\n\t<div class=\"uncode_widget widget-ajax-filters wpb_content_element widget-ajax-filters--single widget-ajax-filters--list\"  data-id=\"2\">\n\t\t\n\t\t\t\t\t\t\t\t\t\t\t\t<h3 class=\"widgettitle\">\u00c1rea de atua\u00e7\u00e3o<\/h3>\n\t\t\t\t\t\t\t\t\n\t\t\n\t\t<div class=\"term-filters\">\n\t\t\t\t\t\t\t\t\t\t\t<ul class=\"term-filters-list \">\n\t\t\t\t\n\t\t\t\t\t\t\t\t\t\t\t\t\t\t<li class=\"term-filter term-3\">\n\t\t\t\t\t\t\t\t\t\t\t\t\t<a href=\"https:\/\/zortea.com.br\/trabalheconosco\/wp-json\/wp\/v2\/?tax_area=estrategico-obras&#038;unfilter=1\" class=\"term-filter-link \" rel=\"nofollow\" title=\"\">Estrat\u00e9gico Obras<\/a>\n\t\t\t\t\t\t\n\t\t\t\t\t\t\t\t\t\t\t<\/li>\n\t\t\t\t\t\t\t\t\t\t\t\t\t\t<li class=\"term-filter term-5\">\n\t\t\t\t\t\t\t\t\t\t\t\t\t<a href=\"https:\/\/zortea.com.br\/trabalheconosco\/wp-json\/wp\/v2\/?tax_area=operacional-obras&#038;unfilter=1\" class=\"term-filter-link \" rel=\"nofollow\" title=\"\">Operacional Obras<\/a>\n\t\t\t\t\t\t\n\t\t\t\t\t\t\t\t\t\t\t<\/li>\n\t\t\t\t\t\t\t<\/ul>\n\t\t\t\t\t\t<\/div>\n\n\t\t\t<\/div>\n\n\t<div class=\"uncode_widget widget-ajax-filters wpb_content_element widget-ajax-filters--single widget-ajax-filters--list\"  data-id=\"3\">\n\t\t\n\t\t\t\t\t\t\t\t\t\t\t\t<h3 class=\"widgettitle\">Cidade<\/h3>\n\t\t\t\t\t\t\t\t\n\t\t\n\t\t<div class=\"term-filters\">\n\t\t\t\t\t\t\t\t\t\t\t<ul class=\"term-filters-list \">\n\t\t\t\t\n\t\t\t\t\t\t\t\t\t\t\t\t\t\t<li class=\"term-filter term-70\">\n\t\t\t\t\t\t\t\t\t\t\t\t\t<a href=\"https:\/\/zortea.com.br\/trabalheconosco\/wp-json\/wp\/v2\/?tax_cidade=antonina-pr&#038;unfilter=1\" class=\"term-filter-link \" rel=\"nofollow\" title=\"\">Antonina\/PR<\/a>\n\t\t\t\t\t\t\n\t\t\t\t\t\t\t\t\t\t\t<\/li>\n\t\t\t\t\t\t\t\t\t\t\t\t\t\t<li class=\"term-filter term-30\">\n\t\t\t\t\t\t\t\t\t\t\t\t\t<a href=\"https:\/\/zortea.com.br\/trabalheconosco\/wp-json\/wp\/v2\/?tax_cidade=campo-largo&#038;unfilter=1\" class=\"term-filter-link \" rel=\"nofollow\" title=\"\">Campo Largo\/PR<\/a>\n\t\t\t\t\t\t\n\t\t\t\t\t\t\t\t\t\t\t<\/li>\n\t\t\t\t\t\t\t\t\t\t\t\t\t\t<li class=\"term-filter term-72\">\n\t\t\t\t\t\t\t\t\t\t\t\t\t<a href=\"https:\/\/zortea.com.br\/trabalheconosco\/wp-json\/wp\/v2\/?tax_cidade=miritituba-pa&#038;unfilter=1\" class=\"term-filter-link \" rel=\"nofollow\" title=\"\">Miritituba\/PA<\/a>\n\t\t\t\t\t\t\n\t\t\t\t\t\t\t\t\t\t\t<\/li>\n\t\t\t\t\t\t\t\t\t\t\t\t\t\t<li class=\"term-filter term-36\">\n\t\t\t\t\t\t\t\t\t\t\t\t\t<a href=\"https:\/\/zortea.com.br\/trabalheconosco\/wp-json\/wp\/v2\/?tax_cidade=brasil&#038;unfilter=1\" class=\"term-filter-link \" rel=\"nofollow\" title=\"\">N\u00edvel Brasil<\/a>\n\t\t\t\t\t\t\n\t\t\t\t\t\t\t\t\t\t\t<\/li>\n\t\t\t\t\t\t\t\t\t\t\t\t\t\t<li class=\"term-filter term-59\">\n\t\t\t\t\t\t\t\t\t\t\t\t\t<a href=\"https:\/\/zortea.com.br\/trabalheconosco\/wp-json\/wp\/v2\/?tax_cidade=pederneiras-sp&#038;unfilter=1\" class=\"term-filter-link \" rel=\"nofollow\" title=\"\">Pederneiras\/SP<\/a>\n\t\t\t\t\t\t\n\t\t\t\t\t\t\t\t\t\t\t<\/li>\n\t\t\t\t\t\t\t\t\t\t\t\t\t\t<li class=\"term-filter term-68\">\n\t\t\t\t\t\t\t\t\t\t\t\t\t<a href=\"https:\/\/zortea.com.br\/trabalheconosco\/wp-json\/wp\/v2\/?tax_cidade=sao-francisco-do-sul-sc&#038;unfilter=1\" class=\"term-filter-link \" rel=\"nofollow\" title=\"\">S\u00e3o Francisco do Sul\/SC<\/a>\n\t\t\t\t\t\t\n\t\t\t\t\t\t\t\t\t\t\t<\/li>\n\t\t\t\t\t\t\t<\/ul>\n\t\t\t\t\t\t<\/div>\n\n\t\t\t<\/div>\n<\/div><\/div><\/div><\/div><\/div><script id=\"script-row-unique-2\" data-row=\"script-row-unique-2\" type=\"text\/javascript\" class=\"vc_controls\">UNCODE.initRow(document.getElementById(\"row-unique-2\"));<\/script><\/div><\/div><\/div>\t\t\t\t\t\t\t<\/div>\n\t\t\t\t\t\t\t<div class=\"ajax-filter-sidebar-footer\">\n\t\t\t\t\t\t\t\t<p class=\"ajax-filter-sidebar__buttons buttons\">\n\t\t\t\t\t\t\t\t\t<a href=\"https:\/\/zortea.com.br\/trabalheconosco\/wp-json\/wp\/v2\/\" class=\"btn btn-default ajax-filter-sidebar__button ajax-filter-sidebar__button--clear\">Clear all<\/a>\n\t\t\t\t\t\t\t\t\t<a href=\"#\" class=\"btn btn-default ajax-filter-sidebar__button ajax-filter-sidebar__button--apply\">Apply<\/a>\n\t\t\t\t\t\t\t\t<\/p>\n\t\t\t\t\t\t\t<\/div>\n\t\t\t\t\t\t<\/div>\n\t\t\t\t\t\t<div id=\"ajax_sidebar_overlay\" class=\"overlay style-dark-bg\"><\/div>\n\n\t\t\t\t\t\t\n\t\t\t\t\t<\/div>\n\n\t\t\t\n\t\t\t\t\t\t\t\t\t\t\t\t\t\t<div class=\"isotope-wrapper grid-wrapper single-gutter col-lg-8\" >\t\t\t\t\t\t\t\t\t\t\t\t<div class=\"isotope-container grid-container isotope-layout style-masonry isotope-pagination grid-pagination\" data-type=\"masonry\" data-layout=\"masonry\" data-lg=\"1000\" data-md=\"600\" data-sm=\"480\" data-vp-height=\"\">\t\t\t<div class=\"tmb atc-typography-inherit tmb-iso-w12 tmb-iso-h4 tmb-round img-round-std tmb-light tmb-overlay-text-anim tmb-overlay-anim tmb-content-left tmb-image-anim  grid-cat-72 grid-cat-3 tmb-id-8469 tmb-only-text tmb-content-under\" ><div class=\"t-inside style-color-lxmt-bg animate_when_almost_visible bottom-t-top\" ><div class=\"t-entry-text\">\n\t\t\t\t\t\t\t\t\t<div class=\"t-entry-text-tc single-block-padding\"><div class=\"t-entry\"><h3 class=\"t-entry-title h2 font-weight-600 title-scale \"><a href=\"https:\/\/zortea.com.br\/trabalheconosco\/vaga\/inspetor-de-alojamento\/\" target=\"_self\">Inspetor(a) de Alojamento<\/a><\/h3><p class=\"t-entry-meta\"><span class=\"t-entry-category t-entry-category-72\"><a class=\"bordered-cat tmb-term-evidence font-ui\" href=\"https:\/\/zortea.com.br\/trabalheconosco\/cidade\/miritituba-pa\/\">Miritituba\/PA<\/a><\/span><span class=\"t-entry-category t-entry-category-3\"><a class=\"bordered-cat tmb-term-evidence font-ui\" href=\"https:\/\/zortea.com.br\/trabalheconosco\/area\/estrategico-obras\/\">Estrat\u00e9gico Obras<\/a><\/span><\/p><div class=\"spacer spacer-one half-space\"><\/div><p class=\"t-entry-readmore btn-container\"><a href=\"https:\/\/zortea.com.br\/trabalheconosco\/vaga\/inspetor-de-alojamento\/\" class=\"btn btn-default btn-flat\" target=\"_self\">CANDIDATAR-SE<\/a><\/p><\/div><\/div>\n\t\t\t\t\t\t\t<\/div><\/div><\/div><div class=\"tmb atc-typography-inherit tmb-iso-w12 tmb-iso-h4 tmb-round img-round-std tmb-light tmb-overlay-text-anim tmb-overlay-anim tmb-content-left tmb-image-anim  grid-cat-59 grid-cat-3 tmb-id-8468 tmb-only-text tmb-content-under\" ><div class=\"t-inside style-color-lxmt-bg animate_when_almost_visible bottom-t-top\" ><div class=\"t-entry-text\">\n\t\t\t\t\t\t\t\t\t<div class=\"t-entry-text-tc single-block-padding\"><div class=\"t-entry\"><h3 class=\"t-entry-title h2 font-weight-600 title-scale \"><a href=\"https:\/\/zortea.com.br\/trabalheconosco\/vaga\/piloto-fluvial\/\" target=\"_self\">Piloto Fluvial<\/a><\/h3><p class=\"t-entry-meta\"><span class=\"t-entry-category t-entry-category-59\"><a class=\"bordered-cat tmb-term-evidence font-ui\" href=\"https:\/\/zortea.com.br\/trabalheconosco\/cidade\/pederneiras-sp\/\">Pederneiras\/SP<\/a><\/span><span class=\"t-entry-category t-entry-category-3\"><a class=\"bordered-cat tmb-term-evidence font-ui\" href=\"https:\/\/zortea.com.br\/trabalheconosco\/area\/estrategico-obras\/\">Estrat\u00e9gico Obras<\/a><\/span><\/p><div class=\"spacer spacer-one half-space\"><\/div><p class=\"t-entry-readmore btn-container\"><a href=\"https:\/\/zortea.com.br\/trabalheconosco\/vaga\/piloto-fluvial\/\" class=\"btn btn-default btn-flat\" target=\"_self\">CANDIDATAR-SE<\/a><\/p><\/div><\/div>\n\t\t\t\t\t\t\t<\/div><\/div><\/div><div class=\"tmb atc-typography-inherit tmb-iso-w12 tmb-iso-h4 tmb-round img-round-std tmb-light tmb-overlay-text-anim tmb-overlay-anim tmb-content-left tmb-image-anim  grid-cat-68 grid-cat-5 tmb-id-8459 tmb-only-text tmb-content-under\" ><div class=\"t-inside style-color-lxmt-bg animate_when_almost_visible bottom-t-top\" ><div class=\"t-entry-text\">\n\t\t\t\t\t\t\t\t\t<div class=\"t-entry-text-tc single-block-padding\"><div class=\"t-entry\"><h3 class=\"t-entry-title h2 font-weight-600 title-scale \"><a href=\"https:\/\/zortea.com.br\/trabalheconosco\/vaga\/eletricista-sao-francisco-do-sul\/\" target=\"_self\">Eletricista<\/a><\/h3><p class=\"t-entry-meta\"><span class=\"t-entry-category t-entry-category-68\"><a class=\"bordered-cat tmb-term-evidence font-ui\" href=\"https:\/\/zortea.com.br\/trabalheconosco\/cidade\/sao-francisco-do-sul-sc\/\">S\u00e3o Francisco do Sul\/SC<\/a><\/span><span class=\"t-entry-category t-entry-category-5\"><a class=\"bordered-cat tmb-term-evidence font-ui\" href=\"https:\/\/zortea.com.br\/trabalheconosco\/area\/operacional-obras\/\">Operacional Obras<\/a><\/span><\/p><div class=\"spacer spacer-one half-space\"><\/div><p class=\"t-entry-readmore btn-container\"><a href=\"https:\/\/zortea.com.br\/trabalheconosco\/vaga\/eletricista-sao-francisco-do-sul\/\" class=\"btn btn-default btn-flat\" target=\"_self\">CANDIDATAR-SE<\/a><\/p><\/div><\/div>\n\t\t\t\t\t\t\t<\/div><\/div><\/div><div class=\"tmb atc-typography-inherit tmb-iso-w12 tmb-iso-h4 tmb-round img-round-std tmb-light tmb-overlay-text-anim tmb-overlay-anim tmb-content-left tmb-image-anim  grid-cat-36 grid-cat-59 grid-cat-3 grid-cat-5 tmb-id-5043 tmb-only-text tmb-content-under\" ><div class=\"t-inside style-color-lxmt-bg animate_when_almost_visible bottom-t-top\" ><div class=\"t-entry-text\">\n\t\t\t\t\t\t\t\t\t<div class=\"t-entry-text-tc single-block-padding\"><div class=\"t-entry\"><h3 class=\"t-entry-title h2 font-weight-600 title-scale \"><a href=\"https:\/\/zortea.com.br\/trabalheconosco\/vaga\/mecanico-de-manutencao-linha-amarela\/\" target=\"_self\">Mec\u00e2nico de Manuten\u00e7\u00e3o Senior(Linha Amarela)<\/a><\/h3><p class=\"t-entry-meta\"><span class=\"t-entry-category t-entry-category-36\"><a class=\"bordered-cat tmb-term-evidence font-ui\" href=\"https:\/\/zortea.com.br\/trabalheconosco\/cidade\/brasil\/\">N\u00edvel Brasil<\/a><\/span><span class=\"t-entry-category t-entry-category-59\"><a class=\"bordered-cat tmb-term-evidence font-ui\" href=\"https:\/\/zortea.com.br\/trabalheconosco\/cidade\/pederneiras-sp\/\">Pederneiras\/SP<\/a><\/span><span class=\"t-entry-category t-entry-category-3\"><a class=\"bordered-cat tmb-term-evidence font-ui\" href=\"https:\/\/zortea.com.br\/trabalheconosco\/area\/estrategico-obras\/\">Estrat\u00e9gico Obras<\/a><\/span><span class=\"t-entry-category t-entry-category-5\"><a class=\"bordered-cat tmb-term-evidence font-ui\" href=\"https:\/\/zortea.com.br\/trabalheconosco\/area\/operacional-obras\/\">Operacional Obras<\/a><\/span><\/p><div class=\"spacer spacer-one half-space\"><\/div><p class=\"t-entry-readmore btn-container\"><a href=\"https:\/\/zortea.com.br\/trabalheconosco\/vaga\/mecanico-de-manutencao-linha-amarela\/\" class=\"btn btn-default btn-flat\" target=\"_self\">CANDIDATAR-SE<\/a><\/p><\/div><\/div>\n\t\t\t\t\t\t\t<\/div><\/div><\/div><div class=\"tmb atc-typography-inherit tmb-iso-w12 tmb-iso-h4 tmb-round img-round-std tmb-light tmb-overlay-text-anim tmb-overlay-anim tmb-content-left tmb-image-anim  grid-cat-30 grid-cat-3 tmb-id-5948 tmb-only-text tmb-content-under\" ><div class=\"t-inside style-color-lxmt-bg animate_when_almost_visible bottom-t-top\" ><div class=\"t-entry-text\">\n\t\t\t\t\t\t\t\t\t<div class=\"t-entry-text-tc single-block-padding\"><div class=\"t-entry\"><h3 class=\"t-entry-title h2 font-weight-600 title-scale \"><a href=\"https:\/\/zortea.com.br\/trabalheconosco\/vaga\/auxiliar-de-engenharia-eletrica\/\" target=\"_self\">Auxiliar de Engenharia El\u00e9trica<\/a><\/h3><p class=\"t-entry-meta\"><span class=\"t-entry-category t-entry-category-30\"><a class=\"bordered-cat tmb-term-evidence font-ui\" href=\"https:\/\/zortea.com.br\/trabalheconosco\/cidade\/campo-largo\/\">Campo Largo\/PR<\/a><\/span><span class=\"t-entry-category t-entry-category-3\"><a class=\"bordered-cat tmb-term-evidence font-ui\" href=\"https:\/\/zortea.com.br\/trabalheconosco\/area\/estrategico-obras\/\">Estrat\u00e9gico Obras<\/a><\/span><\/p><div class=\"spacer spacer-one half-space\"><\/div><p class=\"t-entry-readmore btn-container\"><a href=\"https:\/\/zortea.com.br\/trabalheconosco\/vaga\/auxiliar-de-engenharia-eletrica\/\" class=\"btn btn-default btn-flat\" target=\"_self\">CANDIDATAR-SE<\/a><\/p><\/div><\/div>\n\t\t\t\t\t\t\t<\/div><\/div><\/div><div class=\"tmb atc-typography-inherit tmb-iso-w12 tmb-iso-h4 tmb-round img-round-std tmb-light tmb-overlay-text-anim tmb-overlay-anim tmb-content-left tmb-image-anim  grid-cat-36 grid-cat-3 tmb-id-5944 tmb-only-text tmb-content-under\" ><div class=\"t-inside style-color-lxmt-bg animate_when_almost_visible bottom-t-top\" ><div class=\"t-entry-text\">\n\t\t\t\t\t\t\t\t\t<div class=\"t-entry-text-tc single-block-padding\"><div class=\"t-entry\"><h3 class=\"t-entry-title h2 font-weight-600 title-scale \"><a href=\"https:\/\/zortea.com.br\/trabalheconosco\/vaga\/engenheiro-eletricista-2\/\" target=\"_self\">Engenheiro Eletricista<\/a><\/h3><p class=\"t-entry-meta\"><span class=\"t-entry-category t-entry-category-36\"><a class=\"bordered-cat tmb-term-evidence font-ui\" href=\"https:\/\/zortea.com.br\/trabalheconosco\/cidade\/brasil\/\">N\u00edvel Brasil<\/a><\/span><span class=\"t-entry-category t-entry-category-3\"><a class=\"bordered-cat tmb-term-evidence font-ui\" href=\"https:\/\/zortea.com.br\/trabalheconosco\/area\/estrategico-obras\/\">Estrat\u00e9gico Obras<\/a><\/span><\/p><div class=\"spacer spacer-one half-space\"><\/div><p class=\"t-entry-readmore btn-container\"><a href=\"https:\/\/zortea.com.br\/trabalheconosco\/vaga\/engenheiro-eletricista-2\/\" class=\"btn btn-default btn-flat\" target=\"_self\">CANDIDATAR-SE<\/a><\/p><\/div><\/div>\n\t\t\t\t\t\t\t<\/div><\/div><\/div>\t\t<\/div>\t\n\t\n\n\t\t\t\t<div class=\"isotope-footer grid-footer style-light without-bg single-gutter\">\n\t\t\t\t\t<\/div>\n\t\t\t\t<\/div>\t\t\t\t\t<div class=\"ajax-filter-footprint col-lg-4\"><\/div>\n\t\t\t<\/div><!-- .ajax-filter-wrapper -->\n\t\t\t\t\t<\/div>\n<\/div><\/div><\/div><\/div><\/div><script id=\"script-row-unique-1\" data-row=\"script-row-unique-1\" type=\"text\/javascript\" class=\"vc_controls\">UNCODE.initRow(document.getElementById(\"row-unique-1\"));<\/script><\/div><\/div><\/div>\n<\/div>","protected":false},"excerpt":{"rendered":"Atividades: Gerenciamento de Equipes: Distribuir tarefas, delegar responsabilidades e supervisionar equipes de el\u00e9trica; Coordena\u00e7\u00e3o T\u00e9cnica: Garantir que as atividades sigam [...]","protected":false},"author":1,"featured_media":0,"parent":0,"menu_order":0,"comment_status":"closed","ping_status":"closed","template":"","meta":{"_acf_changed":false,"footnotes":""},"class_list":["post-22","page","type-page","status-publish","hentry"],"acf":[],"yoast_head":"<!-- This site is optimized with the Yoast SEO plugin v27.4 - https:\/\/yoast.com\/product\/yoast-seo-wordpress\/ -->\n<title>Buscar Vagas - Zort\u00e9a Constru\u00e7\u00f5es LTDA.<\/title>\n<meta name=\"robots\" content=\"index, follow, max-snippet:-1, max-image-preview:large, max-video-preview:-1\" \/>\n<link rel=\"canonical\" href=\"https:\/\/zortea.com.br\/trabalheconosco\/buscar-vagas\/\" \/>\n<meta property=\"og:locale\" content=\"pt_BR\" \/>\n<meta property=\"og:type\" content=\"article\" \/>\n<meta property=\"og:title\" content=\"Buscar Vagas - Zort\u00e9a Constru\u00e7\u00f5es LTDA.\" \/>\n<meta property=\"og:url\" content=\"https:\/\/zortea.com.br\/trabalheconosco\/buscar-vagas\/\" \/>\n<meta property=\"og:site_name\" content=\"Zort\u00e9a Constru\u00e7\u00f5es LTDA.\" \/>\n<meta property=\"article:modified_time\" content=\"2025-03-18T12:21:04+00:00\" \/>\n<meta name=\"twitter:card\" content=\"summary_large_image\" \/>\n<meta name=\"twitter:label1\" content=\"Est. tempo de leitura\" \/>\n\t<meta name=\"twitter:data1\" content=\"1 minuto\" \/>\n<script type=\"application\/ld+json\" class=\"yoast-schema-graph\">{\"@context\":\"https:\\\/\\\/schema.org\",\"@graph\":[{\"@type\":\"WebPage\",\"@id\":\"https:\\\/\\\/zortea.com.br\\\/trabalheconosco\\\/buscar-vagas\\\/\",\"url\":\"https:\\\/\\\/zortea.com.br\\\/trabalheconosco\\\/buscar-vagas\\\/\",\"name\":\"Buscar Vagas - Zort\u00e9a Constru\u00e7\u00f5es LTDA.\",\"isPartOf\":{\"@id\":\"https:\\\/\\\/zortea.com.br\\\/trabalheconosco\\\/#website\"},\"datePublished\":\"2024-09-13T03:23:53+00:00\",\"dateModified\":\"2025-03-18T12:21:04+00:00\",\"breadcrumb\":{\"@id\":\"https:\\\/\\\/zortea.com.br\\\/trabalheconosco\\\/buscar-vagas\\\/#breadcrumb\"},\"inLanguage\":\"pt-BR\",\"potentialAction\":[{\"@type\":\"ReadAction\",\"target\":[\"https:\\\/\\\/zortea.com.br\\\/trabalheconosco\\\/buscar-vagas\\\/\"]}]},{\"@type\":\"BreadcrumbList\",\"@id\":\"https:\\\/\\\/zortea.com.br\\\/trabalheconosco\\\/buscar-vagas\\\/#breadcrumb\",\"itemListElement\":[{\"@type\":\"ListItem\",\"position\":1,\"name\":\"In\u00edcio\",\"item\":\"https:\\\/\\\/zortea.com.br\\\/trabalheconosco\\\/\"},{\"@type\":\"ListItem\",\"position\":2,\"name\":\"Buscar Vagas\"}]},{\"@type\":\"WebSite\",\"@id\":\"https:\\\/\\\/zortea.com.br\\\/trabalheconosco\\\/#website\",\"url\":\"https:\\\/\\\/zortea.com.br\\\/trabalheconosco\\\/\",\"name\":\"Zort\u00e9a Constru\u00e7\u00f5es LTDA.\",\"description\":\"Construindo o Amanh\u00e3\",\"potentialAction\":[{\"@type\":\"SearchAction\",\"target\":{\"@type\":\"EntryPoint\",\"urlTemplate\":\"https:\\\/\\\/zortea.com.br\\\/trabalheconosco\\\/?s={search_term_string}\"},\"query-input\":{\"@type\":\"PropertyValueSpecification\",\"valueRequired\":true,\"valueName\":\"search_term_string\"}}],\"inLanguage\":\"pt-BR\"}]}<\/script>\n<!-- \/ Yoast SEO plugin. -->","yoast_head_json":{"title":"Buscar Vagas - Zort\u00e9a Constru\u00e7\u00f5es LTDA.","robots":{"index":"index","follow":"follow","max-snippet":"max-snippet:-1","max-image-preview":"max-image-preview:large","max-video-preview":"max-video-preview:-1"},"canonical":"https:\/\/zortea.com.br\/trabalheconosco\/buscar-vagas\/","og_locale":"pt_BR","og_type":"article","og_title":"Buscar Vagas - Zort\u00e9a Constru\u00e7\u00f5es LTDA.","og_url":"https:\/\/zortea.com.br\/trabalheconosco\/buscar-vagas\/","og_site_name":"Zort\u00e9a Constru\u00e7\u00f5es LTDA.","article_modified_time":"2025-03-18T12:21:04+00:00","twitter_card":"summary_large_image","twitter_misc":{"Est. tempo de leitura":"1 minuto"},"schema":{"@context":"https:\/\/schema.org","@graph":[{"@type":"WebPage","@id":"https:\/\/zortea.com.br\/trabalheconosco\/buscar-vagas\/","url":"https:\/\/zortea.com.br\/trabalheconosco\/buscar-vagas\/","name":"Buscar Vagas - Zort\u00e9a Constru\u00e7\u00f5es LTDA.","isPartOf":{"@id":"https:\/\/zortea.com.br\/trabalheconosco\/#website"},"datePublished":"2024-09-13T03:23:53+00:00","dateModified":"2025-03-18T12:21:04+00:00","breadcrumb":{"@id":"https:\/\/zortea.com.br\/trabalheconosco\/buscar-vagas\/#breadcrumb"},"inLanguage":"pt-BR","potentialAction":[{"@type":"ReadAction","target":["https:\/\/zortea.com.br\/trabalheconosco\/buscar-vagas\/"]}]},{"@type":"BreadcrumbList","@id":"https:\/\/zortea.com.br\/trabalheconosco\/buscar-vagas\/#breadcrumb","itemListElement":[{"@type":"ListItem","position":1,"name":"In\u00edcio","item":"https:\/\/zortea.com.br\/trabalheconosco\/"},{"@type":"ListItem","position":2,"name":"Buscar Vagas"}]},{"@type":"WebSite","@id":"https:\/\/zortea.com.br\/trabalheconosco\/#website","url":"https:\/\/zortea.com.br\/trabalheconosco\/","name":"Zort\u00e9a Constru\u00e7\u00f5es LTDA.","description":"Construindo o Amanh\u00e3","potentialAction":[{"@type":"SearchAction","target":{"@type":"EntryPoint","urlTemplate":"https:\/\/zortea.com.br\/trabalheconosco\/?s={search_term_string}"},"query-input":{"@type":"PropertyValueSpecification","valueRequired":true,"valueName":"search_term_string"}}],"inLanguage":"pt-BR"}]}},"_links":{"self":[{"href":"https:\/\/zortea.com.br\/trabalheconosco\/wp-json\/wp\/v2\/pages\/22","targetHints":{"allow":["GET"]}}],"collection":[{"href":"https:\/\/zortea.com.br\/trabalheconosco\/wp-json\/wp\/v2\/pages"}],"about":[{"href":"https:\/\/zortea.com.br\/trabalheconosco\/wp-json\/wp\/v2\/types\/page"}],"author":[{"embeddable":true,"href":"https:\/\/zortea.com.br\/trabalheconosco\/wp-json\/wp\/v2\/users\/1"}],"replies":[{"embeddable":true,"href":"https:\/\/zortea.com.br\/trabalheconosco\/wp-json\/wp\/v2\/comments?post=22"}],"version-history":[{"count":15,"href":"https:\/\/zortea.com.br\/trabalheconosco\/wp-json\/wp\/v2\/pages\/22\/revisions"}],"predecessor-version":[{"id":3610,"href":"https:\/\/zortea.com.br\/trabalheconosco\/wp-json\/wp\/v2\/pages\/22\/revisions\/3610"}],"wp:attachment":[{"href":"https:\/\/zortea.com.br\/trabalheconosco\/wp-json\/wp\/v2\/media?parent=22"}],"curies":[{"name":"wp","href":"https:\/\/api.w.org\/{rel}","templated":true}]}}